{"id":463,"date":"2026-03-10T10:34:02","date_gmt":"2026-03-10T09:34:02","guid":{"rendered":"https:\/\/actionmall.act.at\/shop\/2025\/?post_type=product&#038;p=463"},"modified":"2026-03-17T10:01:19","modified_gmt":"2026-03-17T09:01:19","slug":"regal-classic","status":"publish","type":"product","link":"https:\/\/actionmall.act.at\/shop\/2025\/produkt\/regal-classic\/","title":{"rendered":"Regal &#8222;Classic&#8220;"},"content":{"rendered":"","protected":false},"excerpt":{"rendered":"<p>Zeitloses Regal aus hochwertigem Holz mit schlichtem Design. Ideal f\u00fcr B\u00fccher, Dekoration oder Ordner und passend f\u00fcr Wohn-, Schlaf- oder Arbeitszimmer.<\/p>\n","protected":false},"featured_media":465,"template":"","meta":[],"product_cat":[47],"product_tag":[],"class_list":{"0":"post-463","1":"product","2":"type-product","3":"status-publish","4":"has-post-thumbnail","6":"product_cat-buero-und-bueroeinrichtung","8":"first","9":"instock","10":"taxable","11":"shipping-taxable","12":"purchasable","13":"product-type-simple"},"_links":{"self":[{"href":"https:\/\/actionmall.act.at\/shop\/2025\/wp-json\/wp\/v2\/product\/463"}],"collection":[{"href":"https:\/\/actionmall.act.at\/shop\/2025\/wp-json\/wp\/v2\/product"}],"about":[{"href":"https:\/\/actionmall.act.at\/shop\/2025\/wp-json\/wp\/v2\/types\/product"}],"wp:featuredmedia":[{"embeddable":true,"href":"https:\/\/actionmall.act.at\/shop\/2025\/wp-json\/wp\/v2\/media\/465"}],"wp:attachment":[{"href":"https:\/\/actionmall.act.at\/shop\/2025\/wp-json\/wp\/v2\/media?parent=463"}],"wp:term":[{"taxonomy":"product_cat","embeddable":true,"href":"https:\/\/actionmall.act.at\/shop\/2025\/wp-json\/wp\/v2\/product_cat?post=463"},{"taxonomy":"product_tag","embeddable":true,"href":"https:\/\/actionmall.act.at\/shop\/2025\/wp-json\/wp\/v2\/product_tag?post=463"}],"curies":[{"name":"wp","href":"https:\/\/api.w.org\/{rel}","templated":true}]}}