{"id":464,"date":"2026-03-10T10:34:12","date_gmt":"2026-03-10T09:34:12","guid":{"rendered":"https:\/\/actionmall.act.at\/shop\/2025\/?post_type=product&#038;p=464"},"modified":"2026-03-10T10:34:12","modified_gmt":"2026-03-10T09:34:12","slug":"lounge-sonneninsel","status":"publish","type":"product","link":"https:\/\/actionmall.act.at\/shop\/2025\/produkt\/lounge-sonneninsel\/","title":{"rendered":"Lounge \u201eSonneninsel\u201c"},"content":{"rendered":"<p>Gro\u00dfz\u00fcgige, runde Rattan-Lounge zum Relaxen und Sonnen \u2013 Ihre pers\u00f6nliche Wohlf\u00fchlinsel f\u00fcr warme Tage.<\/p>\n","protected":false},"excerpt":{"rendered":"<p>Gro\u00dfz\u00fcgige, runde Rattan-Lounge zum Relaxen und Sonnen \u2013 Ihre pers\u00f6nliche Wohlf\u00fchlinsel f\u00fcr warme Tage.<\/p>\n","protected":false},"featured_media":466,"template":"","meta":[],"product_cat":[34],"product_tag":[],"class_list":{"0":"post-464","1":"product","2":"type-product","3":"status-publish","4":"has-post-thumbnail","6":"product_cat-autos-und-fahrzeuge","8":"first","9":"instock","10":"taxable","11":"shipping-taxable","12":"purchasable","13":"product-type-simple"},"_links":{"self":[{"href":"https:\/\/actionmall.act.at\/shop\/2025\/wp-json\/wp\/v2\/product\/464"}],"collection":[{"href":"https:\/\/actionmall.act.at\/shop\/2025\/wp-json\/wp\/v2\/product"}],"about":[{"href":"https:\/\/actionmall.act.at\/shop\/2025\/wp-json\/wp\/v2\/types\/product"}],"wp:featuredmedia":[{"embeddable":true,"href":"https:\/\/actionmall.act.at\/shop\/2025\/wp-json\/wp\/v2\/media\/466"}],"wp:attachment":[{"href":"https:\/\/actionmall.act.at\/shop\/2025\/wp-json\/wp\/v2\/media?parent=464"}],"wp:term":[{"taxonomy":"product_cat","embeddable":true,"href":"https:\/\/actionmall.act.at\/shop\/2025\/wp-json\/wp\/v2\/product_cat?post=464"},{"taxonomy":"product_tag","embeddable":true,"href":"https:\/\/actionmall.act.at\/shop\/2025\/wp-json\/wp\/v2\/product_tag?post=464"}],"curies":[{"name":"wp","href":"https:\/\/api.w.org\/{rel}","templated":true}]}}