{"id":261,"date":"2026-04-29T13:39:56","date_gmt":"2026-04-29T11:39:56","guid":{"rendered":"https:\/\/actionmall.act.at\/shop\/2085\/?post_type=product&#038;p=261"},"modified":"2026-04-29T13:44:02","modified_gmt":"2026-04-29T11:44:02","slug":"lippenpflege","status":"publish","type":"product","link":"https:\/\/actionmall.act.at\/shop\/2085\/produkt\/lippenpflege\/","title":{"rendered":"Lippenpflege"},"content":{"rendered":"<p>spendet Feuchtigkeit und wirkt gl\u00e4ttend,<\/p>\n<p>mit nat\u00fcrlichen \u00d6len und Wachsen<\/p>\n","protected":false},"excerpt":{"rendered":"<p>spendet Feuchtigkeit und wirkt gl\u00e4ttend, mit nat\u00fcrlichen \u00d6len und Wachsen<\/p>\n","protected":false},"featured_media":264,"template":"","meta":[],"product_cat":[46],"product_tag":[],"class_list":{"0":"post-261","1":"product","2":"type-product","3":"status-publish","4":"has-post-thumbnail","6":"product_cat-gesundheit-und-wellness","8":"first","9":"instock","10":"taxable","11":"shipping-taxable","12":"purchasable","13":"product-type-simple"},"_links":{"self":[{"href":"https:\/\/actionmall.act.at\/shop\/2085\/wp-json\/wp\/v2\/product\/261"}],"collection":[{"href":"https:\/\/actionmall.act.at\/shop\/2085\/wp-json\/wp\/v2\/product"}],"about":[{"href":"https:\/\/actionmall.act.at\/shop\/2085\/wp-json\/wp\/v2\/types\/product"}],"wp:featuredmedia":[{"embeddable":true,"href":"https:\/\/actionmall.act.at\/shop\/2085\/wp-json\/wp\/v2\/media\/264"}],"wp:attachment":[{"href":"https:\/\/actionmall.act.at\/shop\/2085\/wp-json\/wp\/v2\/media?parent=261"}],"wp:term":[{"taxonomy":"product_cat","embeddable":true,"href":"https:\/\/actionmall.act.at\/shop\/2085\/wp-json\/wp\/v2\/product_cat?post=261"},{"taxonomy":"product_tag","embeddable":true,"href":"https:\/\/actionmall.act.at\/shop\/2085\/wp-json\/wp\/v2\/product_tag?post=261"}],"curies":[{"name":"wp","href":"https:\/\/api.w.org\/{rel}","templated":true}]}}