{"id":263,"date":"2026-04-29T13:46:08","date_gmt":"2026-04-29T11:46:08","guid":{"rendered":"https:\/\/actionmall.act.at\/shop\/2085\/?post_type=product&#038;p=263"},"modified":"2026-04-29T13:49:11","modified_gmt":"2026-04-29T11:49:11","slug":"bio-schlafgut-tee-dementer-kraeutertee-40g-10","status":"publish","type":"product","link":"https:\/\/actionmall.act.at\/shop\/2085\/produkt\/bio-schlafgut-tee-dementer-kraeutertee-40g-10\/","title":{"rendered":"Bio Schlafgut-Tee, Dementer Kr\u00e4utertee 40g"},"content":{"rendered":"<p>w\u00fcrziger Kr\u00e4utertee,<\/p>\n<p>erstklassiges Aroma,<\/p>\n<p>zertifiziert nach kbA (kontrolliert biologischer Anbau) und Demeter<\/p>\n","protected":false},"excerpt":{"rendered":"<p>w\u00fcrziger Kr\u00e4utertee, erstklassiges Aroma, zertifiziert nach kbA (kontrolliert biologischer Anbau) und Demeter<\/p>\n","protected":false},"featured_media":268,"template":"","meta":[],"product_cat":[44],"product_tag":[],"class_list":{"0":"post-263","1":"product","2":"type-product","3":"status-publish","4":"has-post-thumbnail","6":"product_cat-essen-und-trinken","8":"first","9":"instock","10":"taxable","11":"shipping-taxable","12":"purchasable","13":"product-type-simple"},"_links":{"self":[{"href":"https:\/\/actionmall.act.at\/shop\/2085\/wp-json\/wp\/v2\/product\/263"}],"collection":[{"href":"https:\/\/actionmall.act.at\/shop\/2085\/wp-json\/wp\/v2\/product"}],"about":[{"href":"https:\/\/actionmall.act.at\/shop\/2085\/wp-json\/wp\/v2\/types\/product"}],"wp:featuredmedia":[{"embeddable":true,"href":"https:\/\/actionmall.act.at\/shop\/2085\/wp-json\/wp\/v2\/media\/268"}],"wp:attachment":[{"href":"https:\/\/actionmall.act.at\/shop\/2085\/wp-json\/wp\/v2\/media?parent=263"}],"wp:term":[{"taxonomy":"product_cat","embeddable":true,"href":"https:\/\/actionmall.act.at\/shop\/2085\/wp-json\/wp\/v2\/product_cat?post=263"},{"taxonomy":"product_tag","embeddable":true,"href":"https:\/\/actionmall.act.at\/shop\/2085\/wp-json\/wp\/v2\/product_tag?post=263"}],"curies":[{"name":"wp","href":"https:\/\/api.w.org\/{rel}","templated":true}]}}