{"id":254,"date":"2024-11-28T16:15:17","date_gmt":"2024-11-28T15:15:17","guid":{"rendered":"https:\/\/actionmall.act.at\/shop\/2256\/?post_type=product&#038;p=254"},"modified":"2026-03-23T13:06:23","modified_gmt":"2026-03-23T12:06:23","slug":"weihnachtskuchen","status":"publish","type":"product","link":"https:\/\/actionmall.act.at\/shop\/2256\/en\/produkt\/weihnachtskuchen\/","title":{"rendered":"Weihnachtskuchen"},"content":{"rendered":"<div>Verkehrsbezeichnung: Weihnachtliche Lebkuchen in 26% Zartbitterschokolade und Dekorf\u00e4den aus 3% Vollmilchschokolade<\/div>\n<div>Aufbewahrungs- und Verwendungshinweise: K\u00fchl und trocken lagern.<\/div>\n<div>\n<div>Allergiehinweise:<\/div>\n<div class=\"margin-bottom\">Enth\u00e4lt: Weizen, Roggen, Mandeln, Soja, N\u00fcsse, Erdn\u00fcsse, Eier, Milch<\/div>\n<div>\n<div><\/div>\n<div><\/div>\n<div><\/div>\n<\/div>\n<\/div>\n","protected":false},"excerpt":{"rendered":"<p>Verkehrsbezeichnung: Weihnachtliche Lebkuchen in 26% Zartbitterschokolade und Dekorf\u00e4den aus 3% Vollmilchschokolade Aufbewahrungs- und Verwendungshinweise: K\u00fchl und trocken lagern. Allergiehinweise: Enth\u00e4lt: Weizen, Roggen, Mandeln, Soja, N\u00fcsse, Erdn\u00fcsse, Eier, Milch<\/p>\n","protected":false},"featured_media":439,"template":"","meta":[],"product_cat":[44],"product_tag":[],"class_list":{"0":"post-254","1":"product","2":"type-product","3":"status-publish","4":"has-post-thumbnail","6":"product_cat-essen-und-trinken","8":"first","9":"instock","10":"taxable","11":"shipping-taxable","12":"purchasable","13":"product-type-simple"},"_links":{"self":[{"href":"https:\/\/actionmall.act.at\/shop\/2256\/en\/wp-json\/wp\/v2\/product\/254"}],"collection":[{"href":"https:\/\/actionmall.act.at\/shop\/2256\/en\/wp-json\/wp\/v2\/product"}],"about":[{"href":"https:\/\/actionmall.act.at\/shop\/2256\/en\/wp-json\/wp\/v2\/types\/product"}],"wp:featuredmedia":[{"embeddable":true,"href":"https:\/\/actionmall.act.at\/shop\/2256\/en\/wp-json\/wp\/v2\/media\/439"}],"wp:attachment":[{"href":"https:\/\/actionmall.act.at\/shop\/2256\/en\/wp-json\/wp\/v2\/media?parent=254"}],"wp:term":[{"taxonomy":"product_cat","embeddable":true,"href":"https:\/\/actionmall.act.at\/shop\/2256\/en\/wp-json\/wp\/v2\/product_cat?post=254"},{"taxonomy":"product_tag","embeddable":true,"href":"https:\/\/actionmall.act.at\/shop\/2256\/en\/wp-json\/wp\/v2\/product_tag?post=254"}],"curies":[{"name":"wp","href":"https:\/\/api.w.org\/{rel}","templated":true}]}}