{"id":277,"date":"2024-12-12T15:56:16","date_gmt":"2024-12-12T14:56:16","guid":{"rendered":"https:\/\/actionmall.act.at\/shop\/2256\/?post_type=product&#038;p=277"},"modified":"2026-03-23T13:01:53","modified_gmt":"2026-03-23T12:01:53","slug":"chilli-schokolade","status":"publish","type":"product","link":"https:\/\/actionmall.act.at\/shop\/2256\/en\/produkt\/chilli-schokolade\/","title":{"rendered":"Choc-Spicy"},"content":{"rendered":"<p>Hier erhalten Sie eine tiefdunkle Schokolade kombiniert mit dem w\u00fcrzigen Geschmack von Chili. Im Vergleich zu den meisten anderen Schokoladen hat Chocart Schokolade einen extra hohen Kakaoanteil. Hier kommt es so richtig zur Geltung, denn wenn man diese Variante probiert, sp\u00fcrt man zun\u00e4chst den tiefen Schokoladengeschmack, der anschlie\u00dfend mit dem w\u00fcrzigen Chili-Geschmack endet.<\/p>\n<p>Zutaten: Zucker, Kakaomasse, Kakaobutter, Butter, Chili-Extrakt, nat\u00fcrliches Chiliaroma, Milch Bestandteile, Haseln\u00fcsse, Mandeln und andere Schalenfr\u00fcchteenthalten.<\/p>\n","protected":false},"excerpt":{"rendered":"<p>Hier erhalten Sie eine tiefdunkle Schokolade kombiniert mit dem w\u00fcrzigen Geschmack von Chili. Im Vergleich zu den meisten anderen Schokoladen hat Chocart Schokolade einen extra hohen Kakaoanteil. Hier kommt es so richtig zur Geltung, denn wenn man diese Variante probiert, sp\u00fcrt man zun\u00e4chst den tiefen Schokoladengeschmack, der anschlie\u00dfend mit dem w\u00fcrzigen Chili-Geschmack endet. Zutaten: Zucker, [&hellip;]<\/p>\n","protected":false},"featured_media":397,"template":"","meta":[],"product_cat":[44],"product_tag":[],"class_list":{"0":"post-277","1":"product","2":"type-product","3":"status-publish","4":"has-post-thumbnail","6":"product_cat-essen-und-trinken","8":"first","9":"instock","10":"taxable","11":"shipping-taxable","12":"purchasable","13":"product-type-simple"},"_links":{"self":[{"href":"https:\/\/actionmall.act.at\/shop\/2256\/en\/wp-json\/wp\/v2\/product\/277"}],"collection":[{"href":"https:\/\/actionmall.act.at\/shop\/2256\/en\/wp-json\/wp\/v2\/product"}],"about":[{"href":"https:\/\/actionmall.act.at\/shop\/2256\/en\/wp-json\/wp\/v2\/types\/product"}],"wp:featuredmedia":[{"embeddable":true,"href":"https:\/\/actionmall.act.at\/shop\/2256\/en\/wp-json\/wp\/v2\/media\/397"}],"wp:attachment":[{"href":"https:\/\/actionmall.act.at\/shop\/2256\/en\/wp-json\/wp\/v2\/media?parent=277"}],"wp:term":[{"taxonomy":"product_cat","embeddable":true,"href":"https:\/\/actionmall.act.at\/shop\/2256\/en\/wp-json\/wp\/v2\/product_cat?post=277"},{"taxonomy":"product_tag","embeddable":true,"href":"https:\/\/actionmall.act.at\/shop\/2256\/en\/wp-json\/wp\/v2\/product_tag?post=277"}],"curies":[{"name":"wp","href":"https:\/\/api.w.org\/{rel}","templated":true}]}}