{"id":290,"date":"2024-12-12T16:08:46","date_gmt":"2024-12-12T15:08:46","guid":{"rendered":"https:\/\/actionmall.act.at\/shop\/2256\/?post_type=product&#038;p=290"},"modified":"2026-03-23T13:00:36","modified_gmt":"2026-03-23T12:00:36","slug":"chocwich","status":"publish","type":"product","link":"https:\/\/actionmall.act.at\/shop\/2256\/en\/produkt\/chocwich\/","title":{"rendered":"Chocwich"},"content":{"rendered":"<article class=\"text-token-text-primary w-full focus:outline-none [--shadow-height:45px] has-data-writing-block:pointer-events-none has-data-writing-block:-mt-(--shadow-height) has-data-writing-block:pt-(--shadow-height) [&#038;:has([data-writing-block])>*]:pointer-events-auto [content-visibility:auto] supports-[content-visibility:auto]:[contain-intrinsic-size:auto_100lvh] scroll-mt-[calc(var(&#8211;header-height)+min(200px,max(70px,20svh)))]&#8221; dir=&#8221;auto&#8221; data-turn-id=&#8221;request-WEB:9dcefaa9-6266-4d64-9d2e-8125e37931b3-5&#8243; data-testid=&#8221;conversation-turn-12&#8243; data-scroll-anchor=&#8221;true&#8221; data-turn=&#8221;assistant&#8221;><\/p>\n<div class=\"text-base my-auto mx-auto pb-10 [--thread-content-margin:--spacing(4)] thread-sm:[--thread-content-margin:--spacing(6)] thread-lg:[--thread-content-margin:--spacing(16)] px-(--thread-content-margin)\">\n<div class=\"[--thread-content-max-width:40rem] thread-lg:[--thread-content-max-width:48rem] mx-auto max-w-(--thread-content-max-width) flex-1 group\/turn-messages focus-visible:outline-hidden relative flex w-full min-w-0 flex-col agent-turn\">\n<div class=\"flex max-w-full flex-col grow\">\n<div class=\"min-h-8 text-message relative flex w-full flex-col items-end gap-2 text-start break-words whitespace-normal [.text-message+&#038;]:mt-1\" dir=\"auto\" data-message-author-role=\"assistant\" data-message-id=\"3ebf4a84-4e33-4de1-b42f-ba018bebed35\" data-message-model-slug=\"gpt-5\">\n<div class=\"flex w-full flex-col gap-1 empty:hidden first:pt-[1px]\">\n<div class=\"markdown prose dark:prose-invert w-full break-words light markdown-new-styling\">\n<article class=\"text-token-text-primary w-full focus:outline-none [--shadow-height:45px] has-data-writing-block:pointer-events-none has-data-writing-block:-mt-(--shadow-height) has-data-writing-block:pt-(--shadow-height) [&#038;:has([data-writing-block])>*]:pointer-events-auto [content-visibility:auto] supports-[content-visibility:auto]:[contain-intrinsic-size:auto_100lvh] scroll-mt-[calc(var(&#8211;header-height)+min(200px,max(70px,20svh)))]&#8221; dir=&#8221;auto&#8221; data-turn-id=&#8221;request-WEB:9dcefaa9-6266-4d64-9d2e-8125e37931b3-8&#8243; data-testid=&#8221;conversation-turn-18&#8243; data-scroll-anchor=&#8221;true&#8221; data-turn=&#8221;assistant&#8221;><\/p>\n<div class=\"text-base my-auto mx-auto pb-10 [--thread-content-margin:--spacing(4)] thread-sm:[--thread-content-margin:--spacing(6)] thread-lg:[--thread-content-margin:--spacing(16)] px-(--thread-content-margin)\">\n<div class=\"[--thread-content-max-width:40rem] thread-lg:[--thread-content-max-width:48rem] mx-auto max-w-(--thread-content-max-width) flex-1 group\/turn-messages focus-visible:outline-hidden relative flex w-full min-w-0 flex-col agent-turn\">\n<div class=\"flex max-w-full flex-col grow\">\n<div class=\"min-h-8 text-message relative flex w-full flex-col items-end gap-2 text-start break-words whitespace-normal [.text-message+&#038;]:mt-1\" dir=\"auto\" data-message-author-role=\"assistant\" data-message-id=\"f1618c63-65f9-47a1-a55d-54f077a7f4f7\" data-message-model-slug=\"gpt-5\">\n<div class=\"flex w-full flex-col gap-1 empty:hidden first:pt-[1px]\">\n<div class=\"markdown prose dark:prose-invert w-full break-words light markdown-new-styling\">\n<p data-start=\"68\" data-end=\"301\" data-is-last-node=\"\" data-is-only-node=\"\">Zwei knusprige Schokokekse umh\u00fcllen eine cremige Mascarponen F\u00fcllung, wo auch Oreo St\u00fccke vorhanden sind. Ein unwiderstehlicher Kontrast aus intensivem Schokoladengeschmack und zarter S\u00fc\u00dfe. Perfekt als Snack zwischendurch, zum Kaffee oder als kleine Belohnung f\u00fcr Genie\u00dfer!<\/p>\n<p data-start=\"68\" data-end=\"301\" data-is-last-node=\"\" data-is-only-node=\"\">Zutaten: Mehl, Zucker, Mascarpone, Oreokekse, Schokolade<\/p>\n<\/div>\n<\/div>\n<\/div>\n<\/div>\n<div class=\"z-0 flex min-h-[46px] justify-start\"><\/div>\n<\/div>\n<\/div>\n<\/article>\n<div class=\"pointer-events-none h-px w-px\" aria-hidden=\"true\" data-edge=\"true\"><\/div>\n<\/div>\n<\/div>\n<\/div>\n<\/div>\n<div class=\"z-0 flex min-h-[46px] justify-start\"><\/div>\n<\/div>\n<\/div>\n<\/article>\n<div class=\"pointer-events-none h-px w-px\" aria-hidden=\"true\" data-edge=\"true\"><\/div>\n","protected":false},"excerpt":{"rendered":"<p>*]:pointer-events-auto [content-visibility:auto] supports-[content-visibility:auto]:[contain-intrinsic-size:auto_100lvh] scroll-mt-[calc(var(&#8211;header-height)+min(200px,max(70px,20svh)))]&#8221; dir=&#8221;auto&#8221; data-turn-id=&#8221;request-WEB:9dcefaa9-6266-4d64-9d2e-8125e37931b3-8&#8243; data-testid=&#8221;conversation-turn-18&#8243; data-scroll-anchor=&#8221;true&#8221; data-turn=&#8221;assistant&#8221;> Zwei knusprige Schokokekse umh\u00fcllen eine cremige Mascarponen F\u00fcllung, wo auch Oreo St\u00fccke vorhanden sind. Ein unwiderstehlicher Kontrast aus intensivem Schokoladengeschmack und zarter S\u00fc\u00dfe. Perfekt als Snack zwischendurch, zum Kaffee oder als kleine Belohnung f\u00fcr Genie\u00dfer! Zutaten: Mehl, Zucker, Mascarpone, Oreokekse, Schokolade<\/p>\n","protected":false},"featured_media":393,"template":"","meta":[],"product_cat":[44],"product_tag":[],"class_list":{"0":"post-290","1":"product","2":"type-product","3":"status-publish","4":"has-post-thumbnail","6":"product_cat-essen-und-trinken","8":"first","9":"instock","10":"taxable","11":"shipping-taxable","12":"purchasable","13":"product-type-simple"},"_links":{"self":[{"href":"https:\/\/actionmall.act.at\/shop\/2256\/en\/wp-json\/wp\/v2\/product\/290"}],"collection":[{"href":"https:\/\/actionmall.act.at\/shop\/2256\/en\/wp-json\/wp\/v2\/product"}],"about":[{"href":"https:\/\/actionmall.act.at\/shop\/2256\/en\/wp-json\/wp\/v2\/types\/product"}],"wp:featuredmedia":[{"embeddable":true,"href":"https:\/\/actionmall.act.at\/shop\/2256\/en\/wp-json\/wp\/v2\/media\/393"}],"wp:attachment":[{"href":"https:\/\/actionmall.act.at\/shop\/2256\/en\/wp-json\/wp\/v2\/media?parent=290"}],"wp:term":[{"taxonomy":"product_cat","embeddable":true,"href":"https:\/\/actionmall.act.at\/shop\/2256\/en\/wp-json\/wp\/v2\/product_cat?post=290"},{"taxonomy":"product_tag","embeddable":true,"href":"https:\/\/actionmall.act.at\/shop\/2256\/en\/wp-json\/wp\/v2\/product_tag?post=290"}],"curies":[{"name":"wp","href":"https:\/\/api.w.org\/{rel}","templated":true}]}}