{"id":307,"date":"2024-12-19T15:46:07","date_gmt":"2024-12-19T14:46:07","guid":{"rendered":"https:\/\/actionmall.act.at\/shop\/2256\/?post_type=product&#038;p=307"},"modified":"2026-03-23T12:59:52","modified_gmt":"2026-03-23T11:59:52","slug":"schokoladen-brownie","status":"publish","type":"product","link":"https:\/\/actionmall.act.at\/shop\/2256\/en\/produkt\/schokoladen-brownie\/","title":{"rendered":"Schokoladen Brownie"},"content":{"rendered":"<p>Leckerer Brownie mit zarter Schokonote, gl\u00e4nzender Kruste und gleichm\u00e4\u00dfiger Portionierung. Innen saftig und reichhaltig, mit feinen Nuancen von Kakao, N\u00fcssen und einer dezenten Salznote. Perfekt transport- und lagerf\u00e4hig, ideal f\u00fcr Vending, Caf\u00e9s, B\u00e4ckereien und Catering. Klare Allergen- und Zutaten-Transparenz, gute Haltbarkeit und hohe Deckungsbeitr\u00e4ge.<\/p>\n<p>Allergenhinweis: Enth\u00e4lt: Gluten, Eier, Milchprodukte, eventuell N\u00fcsse. Kann Spuren von anderen N\u00fcssen enthalten. Inhalt ggf. Kakao\/nussige Zutaten in der Form.<\/p>\n","protected":false},"excerpt":{"rendered":"<p>Leckerer Brownie mit zarter Schokonote, gl\u00e4nzender Kruste und gleichm\u00e4\u00dfiger Portionierung. Innen saftig und reichhaltig, mit feinen Nuancen von Kakao, N\u00fcssen und einer dezenten Salznote. Perfekt transport- und lagerf\u00e4hig, ideal f\u00fcr Vending, Caf\u00e9s, B\u00e4ckereien und Catering. Klare Allergen- und Zutaten-Transparenz, gute Haltbarkeit und hohe Deckungsbeitr\u00e4ge. Allergenhinweis: Enth\u00e4lt: Gluten, Eier, Milchprodukte, eventuell N\u00fcsse. Kann Spuren von anderen [&hellip;]<\/p>\n","protected":false},"featured_media":381,"template":"","meta":[],"product_cat":[44],"product_tag":[],"class_list":{"0":"post-307","1":"product","2":"type-product","3":"status-publish","4":"has-post-thumbnail","6":"product_cat-essen-und-trinken","8":"first","9":"instock","10":"taxable","11":"shipping-taxable","12":"purchasable","13":"product-type-simple"},"_links":{"self":[{"href":"https:\/\/actionmall.act.at\/shop\/2256\/en\/wp-json\/wp\/v2\/product\/307"}],"collection":[{"href":"https:\/\/actionmall.act.at\/shop\/2256\/en\/wp-json\/wp\/v2\/product"}],"about":[{"href":"https:\/\/actionmall.act.at\/shop\/2256\/en\/wp-json\/wp\/v2\/types\/product"}],"wp:featuredmedia":[{"embeddable":true,"href":"https:\/\/actionmall.act.at\/shop\/2256\/en\/wp-json\/wp\/v2\/media\/381"}],"wp:attachment":[{"href":"https:\/\/actionmall.act.at\/shop\/2256\/en\/wp-json\/wp\/v2\/media?parent=307"}],"wp:term":[{"taxonomy":"product_cat","embeddable":true,"href":"https:\/\/actionmall.act.at\/shop\/2256\/en\/wp-json\/wp\/v2\/product_cat?post=307"},{"taxonomy":"product_tag","embeddable":true,"href":"https:\/\/actionmall.act.at\/shop\/2256\/en\/wp-json\/wp\/v2\/product_tag?post=307"}],"curies":[{"name":"wp","href":"https:\/\/api.w.org\/{rel}","templated":true}]}}