{"id":386,"date":"2025-11-10T13:15:14","date_gmt":"2025-11-10T12:15:14","guid":{"rendered":"https:\/\/actionmall.act.at\/shop\/2256\/?post_type=product&#038;p=386"},"modified":"2026-03-23T12:58:55","modified_gmt":"2026-03-23T11:58:55","slug":"chocbecher-erdbeer-edition","status":"publish","type":"product","link":"https:\/\/actionmall.act.at\/shop\/2256\/en\/produkt\/chocbecher-erdbeer-edition\/","title":{"rendered":"Chocbecher (Erdbeer-Edition)"},"content":{"rendered":"<ul>\n<li>Zartbitterschokolade (~70% Kakao), Erdbeeren (frisch oder gefroren), Fett (Kakaobutter oder pflanzliches \u00d6l), Zucker; optional Sahne oder pflanzliche Alternative, Geliermittel<\/li>\n<li>Textur\/Schichtaufbau: Freistehende Schokoh\u00fclle als Becher; F\u00fcllung aus Erdbeerst\u00fccken; ggf. Cremeschicht<\/li>\n<li>Haltbarkeit: K\u00fchl lagern; verzehrfertig innerhalb weniger Tage bis zur spezifischen Haltbarkeit<\/li>\n<li>Allergene : Milchbestandteile in der Schokolade; Spuren von N\u00fcssen m\u00f6glich; Spuren von Soja oder Gluten durch Verarbeitung; Erdbeeren selbst kein typisches Allergen, aber Spuren m\u00f6glich<\/li>\n<\/ul>\n","protected":false},"excerpt":{"rendered":"<p>Zartbitterschokolade (~70% Kakao), Erdbeeren (frisch oder gefroren), Fett (Kakaobutter oder pflanzliches \u00d6l), Zucker; optional Sahne oder pflanzliche Alternative, Geliermittel Textur\/Schichtaufbau: Freistehende Schokoh\u00fclle als Becher; F\u00fcllung aus Erdbeerst\u00fccken; ggf. Cremeschicht Haltbarkeit: K\u00fchl lagern; verzehrfertig innerhalb weniger Tage bis zur spezifischen Haltbarkeit Allergene : Milchbestandteile in der Schokolade; Spuren von N\u00fcssen m\u00f6glich; Spuren von Soja oder Gluten [&hellip;]<\/p>\n","protected":false},"featured_media":387,"template":"","meta":[],"product_cat":[44],"product_tag":[],"class_list":{"0":"post-386","1":"product","2":"type-product","3":"status-publish","4":"has-post-thumbnail","6":"product_cat-essen-und-trinken","8":"first","9":"instock","10":"taxable","11":"shipping-taxable","12":"purchasable","13":"product-type-simple"},"_links":{"self":[{"href":"https:\/\/actionmall.act.at\/shop\/2256\/en\/wp-json\/wp\/v2\/product\/386"}],"collection":[{"href":"https:\/\/actionmall.act.at\/shop\/2256\/en\/wp-json\/wp\/v2\/product"}],"about":[{"href":"https:\/\/actionmall.act.at\/shop\/2256\/en\/wp-json\/wp\/v2\/types\/product"}],"wp:featuredmedia":[{"embeddable":true,"href":"https:\/\/actionmall.act.at\/shop\/2256\/en\/wp-json\/wp\/v2\/media\/387"}],"wp:attachment":[{"href":"https:\/\/actionmall.act.at\/shop\/2256\/en\/wp-json\/wp\/v2\/media?parent=386"}],"wp:term":[{"taxonomy":"product_cat","embeddable":true,"href":"https:\/\/actionmall.act.at\/shop\/2256\/en\/wp-json\/wp\/v2\/product_cat?post=386"},{"taxonomy":"product_tag","embeddable":true,"href":"https:\/\/actionmall.act.at\/shop\/2256\/en\/wp-json\/wp\/v2\/product_tag?post=386"}],"curies":[{"name":"wp","href":"https:\/\/api.w.org\/{rel}","templated":true}]}}