{"id":412,"date":"2025-12-15T13:14:48","date_gmt":"2025-12-15T12:14:48","guid":{"rendered":"https:\/\/actionmall.act.at\/shop\/2256\/?post_type=product&#038;p=412"},"modified":"2026-03-23T12:58:26","modified_gmt":"2026-03-23T11:58:26","slug":"teamchoc-pralinen","status":"publish","type":"product","link":"https:\/\/actionmall.act.at\/shop\/2256\/en\/produkt\/teamchoc-pralinen\/","title":{"rendered":"TeamChoc &#8211; Pralinen"},"content":{"rendered":"<p><strong>\u00a0 \u00a0 \u00a0 \u00a0 Zutaten:<\/strong><\/p>\n<ul>\n<li>\n<p data-path-to-node=\"4,0,0\"><b>Schokolade:<\/b> Kakaomasse, Kakaobutter, Zucker, Vollmilchpulver, Magermilchpulver.<\/p>\n<\/li>\n<li>\n<p data-path-to-node=\"4,1,0\"><b>F\u00fcllungen (Ganache):<\/b> Sahne , Zucker, Glukosesirup, Invertzuckersirup, Alkohol (Lik\u00f6re, Spirituosen), Aromen (Vanille).<\/p>\n<\/li>\n<li>\n<p data-path-to-node=\"4,2,0\"><b>\u00dcberz\u00fcge &#038; Dekorationen:<\/b> Krokant (Zucker, N\u00fcsse), N\u00fcsse (gehackt oder gemahlen), Puderzucker, Pflanzenfette (Kokosfett, Palm\u00f6l).<\/p>\n<\/li>\n<li>\n<p data-path-to-node=\"4,3,0\"><b>Emulgator:<\/b> Lecithine (<b>Soja<\/b>lecithin).<\/p>\n<\/li>\n<\/ul>\n<p style=\"text-align: left\" data-path-to-node=\"4,0,0\"><b>Allergene: Milch, <\/b><b>Soja, <\/b><b>Schalenfr\u00fcchte<\/b> (N\u00fcsse), <b>Glutenhaltiges Getreide, <\/b><b>Eier<\/b> (gelegentlich in manchen F\u00fcllungen)<\/p>\n","protected":false},"excerpt":{"rendered":"<p>\u00a0 \u00a0 \u00a0 \u00a0 Zutaten: Schokolade: Kakaomasse, Kakaobutter, Zucker, Vollmilchpulver, Magermilchpulver. F\u00fcllungen (Ganache): Sahne , Zucker, Glukosesirup, Invertzuckersirup, Alkohol (Lik\u00f6re, Spirituosen), Aromen (Vanille). \u00dcberz\u00fcge &#038; Dekorationen: Krokant (Zucker, N\u00fcsse), N\u00fcsse (gehackt oder gemahlen), Puderzucker, Pflanzenfette (Kokosfett, Palm\u00f6l). Emulgator: Lecithine (Sojalecithin). Allergene: Milch, Soja, Schalenfr\u00fcchte (N\u00fcsse), Glutenhaltiges Getreide, Eier (gelegentlich in manchen F\u00fcllungen)<\/p>\n","protected":false},"featured_media":413,"template":"","meta":[],"product_cat":[44],"product_tag":[],"class_list":{"0":"post-412","1":"product","2":"type-product","3":"status-publish","4":"has-post-thumbnail","6":"product_cat-essen-und-trinken","8":"first","9":"instock","10":"taxable","11":"shipping-taxable","12":"purchasable","13":"product-type-simple"},"_links":{"self":[{"href":"https:\/\/actionmall.act.at\/shop\/2256\/en\/wp-json\/wp\/v2\/product\/412"}],"collection":[{"href":"https:\/\/actionmall.act.at\/shop\/2256\/en\/wp-json\/wp\/v2\/product"}],"about":[{"href":"https:\/\/actionmall.act.at\/shop\/2256\/en\/wp-json\/wp\/v2\/types\/product"}],"wp:featuredmedia":[{"embeddable":true,"href":"https:\/\/actionmall.act.at\/shop\/2256\/en\/wp-json\/wp\/v2\/media\/413"}],"wp:attachment":[{"href":"https:\/\/actionmall.act.at\/shop\/2256\/en\/wp-json\/wp\/v2\/media?parent=412"}],"wp:term":[{"taxonomy":"product_cat","embeddable":true,"href":"https:\/\/actionmall.act.at\/shop\/2256\/en\/wp-json\/wp\/v2\/product_cat?post=412"},{"taxonomy":"product_tag","embeddable":true,"href":"https:\/\/actionmall.act.at\/shop\/2256\/en\/wp-json\/wp\/v2\/product_tag?post=412"}],"curies":[{"name":"wp","href":"https:\/\/api.w.org\/{rel}","templated":true}]}}