{"id":460,"date":"2026-03-09T13:27:01","date_gmt":"2026-03-09T12:27:01","guid":{"rendered":"https:\/\/actionmall.act.at\/shop\/2256\/?post_type=product&#038;p=460"},"modified":"2026-03-09T13:27:01","modified_gmt":"2026-03-09T12:27:01","slug":"golden-moment-mini","status":"publish","type":"product","link":"https:\/\/actionmall.act.at\/shop\/2256\/en\/produkt\/golden-moment-mini\/","title":{"rendered":"Golden Moment Mini"},"content":{"rendered":"<p data-path-to-node=\"2\"><b data-path-to-node=\"2\" data-index-in-node=\"0\">Kleine Geste, goldene Wirkung.<\/b><\/p>\n<p data-path-to-node=\"3\">\u00dcberraschen Sie Kunden, Partner oder Mitarbeiter mit einem ganz pers\u00f6nlichen Genussmoment. Unsere ChocArt \u201eGolden Moment Mini\u201c ist eine edle Miniaturschokolade aus feinster dunkler Zartbitterschokolade, verfeinert mit knackigen Haseln\u00fcssen. Verpackt in einem \u00e4sthetischen Design aus tiefem Braun, elegantem Bordeauxrot und gl\u00e4nzenden Goldakzenten, steht dieses Produkt f\u00fcr puren Luxus im Kleinformat.<\/p>\n<p data-path-to-node=\"4\">Das Highlight: Die Verpackung wird individuell f\u00fcr Sie personalisiert. Ob mit dem Namen des Empf\u00e4ngers oder Ihrem Firmenlogo \u2013 wir setzen Ihre W\u00fcnsche in edler Goldpr\u00e4gung um. Ideal als exklusives Werbegeschenk, Betthupferl oder kleine Aufmerksamkeit mit gro\u00dfer Botschaft.<\/p>\n<p data-path-to-node=\"3\"><strong>Inhaltsstoffe &#038; Allergene<\/strong><\/p>\n<p data-path-to-node=\"4\"><b data-path-to-node=\"4\" data-index-in-node=\"0\">Zutaten:<\/b> Kakaomasse, Zucker, Kakaobutter, ger\u00f6stete <b data-path-to-node=\"4\" data-index-in-node=\"52\">Haseln\u00fcsse<\/b> (12%), Emulgator: Lecithine (<b data-path-to-node=\"4\" data-index-in-node=\"92\">Soja<\/b>), nat\u00fcrliches Vanille-Aroma.<\/p>\n<p data-path-to-node=\"5\"><b data-path-to-node=\"5\" data-index-in-node=\"0\">Allergene:<\/b> Enth\u00e4lt <b data-path-to-node=\"5\" data-index-in-node=\"19\">Haseln\u00fcsse<\/b> und <b data-path-to-node=\"5\" data-index-in-node=\"34\">Soja<\/b>.<\/p>\n<p data-path-to-node=\"6\"><b data-path-to-node=\"6\" data-index-in-node=\"0\">Hinweis f\u00fcr Allergiker:<\/b> Kann Spuren von <b data-path-to-node=\"6\" data-index-in-node=\"40\">Milch<\/b> und anderen <b data-path-to-node=\"6\" data-index-in-node=\"58\">Schalenfr\u00fcchten<\/b> (N\u00fcssen) enthalten.<\/p>\n","protected":false},"excerpt":{"rendered":"<p>Kleine Geste, goldene Wirkung. \u00dcberraschen Sie Kunden, Partner oder Mitarbeiter mit einem ganz pers\u00f6nlichen Genussmoment. Unsere ChocArt \u201eGolden Moment Mini\u201c ist eine edle Miniaturschokolade aus feinster dunkler Zartbitterschokolade, verfeinert mit knackigen Haseln\u00fcssen. Verpackt in einem \u00e4sthetischen Design aus tiefem Braun, elegantem Bordeauxrot und gl\u00e4nzenden Goldakzenten, steht dieses Produkt f\u00fcr puren Luxus im Kleinformat. Das Highlight: [&hellip;]<\/p>\n","protected":false},"featured_media":461,"template":"","meta":[],"product_cat":[44],"product_tag":[],"class_list":{"0":"post-460","1":"product","2":"type-product","3":"status-publish","4":"has-post-thumbnail","6":"product_cat-essen-und-trinken","8":"first","9":"instock","10":"taxable","11":"shipping-taxable","12":"purchasable","13":"product-type-simple"},"_links":{"self":[{"href":"https:\/\/actionmall.act.at\/shop\/2256\/en\/wp-json\/wp\/v2\/product\/460"}],"collection":[{"href":"https:\/\/actionmall.act.at\/shop\/2256\/en\/wp-json\/wp\/v2\/product"}],"about":[{"href":"https:\/\/actionmall.act.at\/shop\/2256\/en\/wp-json\/wp\/v2\/types\/product"}],"wp:featuredmedia":[{"embeddable":true,"href":"https:\/\/actionmall.act.at\/shop\/2256\/en\/wp-json\/wp\/v2\/media\/461"}],"wp:attachment":[{"href":"https:\/\/actionmall.act.at\/shop\/2256\/en\/wp-json\/wp\/v2\/media?parent=460"}],"wp:term":[{"taxonomy":"product_cat","embeddable":true,"href":"https:\/\/actionmall.act.at\/shop\/2256\/en\/wp-json\/wp\/v2\/product_cat?post=460"},{"taxonomy":"product_tag","embeddable":true,"href":"https:\/\/actionmall.act.at\/shop\/2256\/en\/wp-json\/wp\/v2\/product_tag?post=460"}],"curies":[{"name":"wp","href":"https:\/\/api.w.org\/{rel}","templated":true}]}}