{"id":257,"date":"2024-12-05T15:16:38","date_gmt":"2024-12-05T14:16:38","guid":{"rendered":"https:\/\/actionmall.act.at\/shop\/2256\/?post_type=product&#038;p=257"},"modified":"2026-03-23T13:03:51","modified_gmt":"2026-03-23T12:03:51","slug":"mohn-schoko-kirsch-kuechlein","status":"publish","type":"product","link":"https:\/\/actionmall.act.at\/shop\/2256\/produkt\/mohn-schoko-kirsch-kuechlein\/","title":{"rendered":"Mohn-Schoko-Kuchen"},"content":{"rendered":"<p><span class=\"recipe-meta__nutrition u-typo u-typo--recipe-info-text\">340 kcal<br \/>\n<\/span><span class=\"recipe-meta__nutrition u-typo u-typo--recipe-info-text\">Kohlenhydrate <\/span><span class=\"recipe-meta__nutrition u-typo u-typo--recipe-info-text\">33 g<br \/>\n<\/span><span class=\"recipe-meta__nutrition u-typo u-typo--recipe-info-text\">Eiwei\u00df <\/span><span class=\"recipe-meta__nutrition u-typo u-typo--recipe-info-text\">3g<br \/>\n<\/span><span class=\"recipe-meta__nutrition u-typo u-typo--recipe-info-text\">Fett 21 g<\/span><\/p>\n<div class=\"ingredientWrapper mb-12 block\">\n<div>\n<div class=\"ingredientText flex flex-col mmd:flex-row justify-start mb-3 print:break-inside-avoid print:relative\">\n<div class=\"title-style-xxxs pr-2 whitespace-nowrap mmd:text-right min-w-[25%] mdd:w-2\/6 lg:w-26pc llg:w-2\/12 md:text-sm llg:text-lg print:break-inside-avoid print:relative\">Zutaten:<\/div>\n<div class=\"title-style-xxxs pr-2 whitespace-nowrap mmd:text-right min-w-[25%] mdd:w-2\/6 lg:w-26pc llg:w-2\/12 md:text-sm llg:text-lg print:break-inside-avoid print:relative\">glattes Mehl, Backpulver, Staubzucker, Vanille Zucker, Eier (Gr\u00f6\u00dfe M), fl\u00fcssiger Schlagobers,<\/div>\n<\/div>\n<\/div>\n<div>\n<div class=\"ingredientText flex flex-col mmd:flex-row justify-start mb-3 print:break-inside-avoid print:relative\"><\/div>\n<\/div>\n<div>\n<div class=\"ingredientText flex flex-col mmd:flex-row justify-start mb-3 print:break-inside-avoid print:relative\">\n<div class=\"m-0 p-0 block text-style-md flex items-end mdd:w-4\/6 lg:w-10\/12 print:break-inside-avoid print:relative break-all\">Zum Glasieren<\/div>\n<\/div>\n<\/div>\n<div>\n<div class=\"ingredientText flex flex-col mmd:flex-row justify-start mb-3 print:break-inside-avoid print:relative\">\n<div class=\"m-0 p-0 block text-style-md flex items-end mdd:w-4\/6 lg:w-10\/12 print:break-inside-avoid print:relative break-all\">fl\u00fcssige wei\u00dfe Kuvert\u00fcre<\/div>\n<\/div>\n<\/div>\n<div>\n<div class=\"m-0 p-0 block text-style-lead ingredientText mb-2 mt-10 text-gray-500 print:break-inside-avoid print:relative\">Zum Dekorieren:<br \/>\nmarinierte Kirschen<\/div>\n<div class=\"ingredientText flex flex-col mmd:flex-row justify-start mb-3 print:break-inside-avoid print:relative\">\n<div class=\"m-0 p-0 block text-style-md flex items-end mdd:w-4\/6 lg:w-10\/12 print:break-inside-avoid print:relative break-all\"><\/div>\n<\/div>\n<div class=\"ingredientText flex flex-col mmd:flex-row justify-start mb-3 print:break-inside-avoid print:relative\">\n<div class=\"m-0 p-0 block text-style-md flex items-end mdd:w-4\/6 lg:w-10\/12 print:break-inside-avoid print:relative break-all\"><\/div>\n<\/div>\n<\/div>\n<\/div>\n<div class=\"hidden md:block\">\n<h2 class=\"title-style-md sc-b2a95a0-0 cbLzJq\"><\/h2>\n<\/div>\n<p>&nbsp;<\/p>\n","protected":false},"excerpt":{"rendered":"<p>340 kcal Kohlenhydrate 33 g Eiwei\u00df 3g Fett 21 g Zutaten: glattes Mehl, Backpulver, Staubzucker, Vanille Zucker, Eier (Gr\u00f6\u00dfe M), fl\u00fcssiger Schlagobers, Zum Glasieren fl\u00fcssige wei\u00dfe Kuvert\u00fcre Zum Dekorieren: marinierte Kirschen &nbsp;<\/p>\n","protected":false},"featured_media":420,"template":"","meta":[],"product_cat":[44],"product_tag":[],"class_list":{"0":"post-257","1":"product","2":"type-product","3":"status-publish","4":"has-post-thumbnail","6":"product_cat-essen-und-trinken","8":"first","9":"instock","10":"taxable","11":"shipping-taxable","12":"purchasable","13":"product-type-simple"},"_links":{"self":[{"href":"https:\/\/actionmall.act.at\/shop\/2256\/wp-json\/wp\/v2\/product\/257"}],"collection":[{"href":"https:\/\/actionmall.act.at\/shop\/2256\/wp-json\/wp\/v2\/product"}],"about":[{"href":"https:\/\/actionmall.act.at\/shop\/2256\/wp-json\/wp\/v2\/types\/product"}],"wp:featuredmedia":[{"embeddable":true,"href":"https:\/\/actionmall.act.at\/shop\/2256\/wp-json\/wp\/v2\/media\/420"}],"wp:attachment":[{"href":"https:\/\/actionmall.act.at\/shop\/2256\/wp-json\/wp\/v2\/media?parent=257"}],"wp:term":[{"taxonomy":"product_cat","embeddable":true,"href":"https:\/\/actionmall.act.at\/shop\/2256\/wp-json\/wp\/v2\/product_cat?post=257"},{"taxonomy":"product_tag","embeddable":true,"href":"https:\/\/actionmall.act.at\/shop\/2256\/wp-json\/wp\/v2\/product_tag?post=257"}],"curies":[{"name":"wp","href":"https:\/\/api.w.org\/{rel}","templated":true}]}}