{"id":298,"date":"2024-12-19T15:03:06","date_gmt":"2024-12-19T14:03:06","guid":{"rendered":"https:\/\/actionmall.act.at\/shop\/2256\/?post_type=product&#038;p=298"},"modified":"2026-03-23T13:00:25","modified_gmt":"2026-03-23T12:00:25","slug":"erdbeer-schoko-rosen","status":"publish","type":"product","link":"https:\/\/actionmall.act.at\/shop\/2256\/produkt\/erdbeer-schoko-rosen\/","title":{"rendered":"Erdbeer-Schoko Rosen"},"content":{"rendered":"<p>Zwischen den Rosen liegen Erdbeeren, die in feiner Schokolade umh\u00fcllt sind eine verf\u00fchrerische Kombination aus Frische und Sinnlichkeit, ideal f\u00fcr besondere Anl\u00e4sse oder als edle Snack-Variante.<\/p>\n<p>Nutzen: Edler, sinnlicher Snack + sch\u00f6ne Pr\u00e4sentation<\/p>\n<p>N\u00e4hrwert: Erdbeeren in dunkler oder milchschokolade; wenig St\u00fcckzahl; Allergene: Milch (und evtl. Soja)<\/p>\n","protected":false},"excerpt":{"rendered":"<p>Zwischen den Rosen liegen Erdbeeren, die in feiner Schokolade umh\u00fcllt sind eine verf\u00fchrerische Kombination aus Frische und Sinnlichkeit, ideal f\u00fcr besondere Anl\u00e4sse oder als edle Snack-Variante. Nutzen: Edler, sinnlicher Snack + sch\u00f6ne Pr\u00e4sentation N\u00e4hrwert: Erdbeeren in dunkler oder milchschokolade; wenig St\u00fcckzahl; Allergene: Milch (und evtl. Soja)<\/p>\n","protected":false},"featured_media":392,"template":"","meta":[],"product_cat":[44],"product_tag":[],"class_list":{"0":"post-298","1":"product","2":"type-product","3":"status-publish","4":"has-post-thumbnail","6":"product_cat-essen-und-trinken","8":"first","9":"instock","10":"taxable","11":"shipping-taxable","12":"purchasable","13":"product-type-simple"},"_links":{"self":[{"href":"https:\/\/actionmall.act.at\/shop\/2256\/wp-json\/wp\/v2\/product\/298"}],"collection":[{"href":"https:\/\/actionmall.act.at\/shop\/2256\/wp-json\/wp\/v2\/product"}],"about":[{"href":"https:\/\/actionmall.act.at\/shop\/2256\/wp-json\/wp\/v2\/types\/product"}],"wp:featuredmedia":[{"embeddable":true,"href":"https:\/\/actionmall.act.at\/shop\/2256\/wp-json\/wp\/v2\/media\/392"}],"wp:attachment":[{"href":"https:\/\/actionmall.act.at\/shop\/2256\/wp-json\/wp\/v2\/media?parent=298"}],"wp:term":[{"taxonomy":"product_cat","embeddable":true,"href":"https:\/\/actionmall.act.at\/shop\/2256\/wp-json\/wp\/v2\/product_cat?post=298"},{"taxonomy":"product_tag","embeddable":true,"href":"https:\/\/actionmall.act.at\/shop\/2256\/wp-json\/wp\/v2\/product_tag?post=298"}],"curies":[{"name":"wp","href":"https:\/\/api.w.org\/{rel}","templated":true}]}}