{"id":324,"date":"2025-03-20T12:33:47","date_gmt":"2025-03-20T11:33:47","guid":{"rendered":"https:\/\/actionmall.act.at\/shop\/2256\/?post_type=product&#038;p=324"},"modified":"2026-03-23T12:59:43","modified_gmt":"2026-03-23T11:59:43","slug":"schokobombe","status":"publish","type":"product","link":"https:\/\/actionmall.act.at\/shop\/2256\/produkt\/schokobombe\/","title":{"rendered":"Kakaobomben mit Marshmallow"},"content":{"rendered":"<p>\u200b<\/p>\n<ul>\n<li>Kakao-Schicht, Marshmallow-F\u00fcllung, Zucker, Fett (Butter oder pflanzlich), Glukosesirup; ggf. Geliermittel (z. B. Gelatine oder pflanzliche Alternative), Aroma, wenig Salz.<\/li>\n<li>Textur: knusprige Au\u00dfenlage, weiche Marshmallow-Innenseite.<\/li>\n<li>Haltbarkeit: mehrere Wochen, luftdicht verpackt, k\u00fchl lagern.<\/li>\n<li>Allergene: Gluten m\u00f6glich, Milchprodukte, Ei oder Geliermittel, ggf. N\u00fcsse; Spuren anderer N\u00fcsse m\u00f6glich. Marshmallow kann Gelatine enthalten (tierisch) oder pflanzliche Alternative verwenden.<\/li>\n<\/ul>\n","protected":false},"excerpt":{"rendered":"<p>\u200b Kakao-Schicht, Marshmallow-F\u00fcllung, Zucker, Fett (Butter oder pflanzlich), Glukosesirup; ggf. Geliermittel (z. B. Gelatine oder pflanzliche Alternative), Aroma, wenig Salz. Textur: knusprige Au\u00dfenlage, weiche Marshmallow-Innenseite. Haltbarkeit: mehrere Wochen, luftdicht verpackt, k\u00fchl lagern. Allergene: Gluten m\u00f6glich, Milchprodukte, Ei oder Geliermittel, ggf. N\u00fcsse; Spuren anderer N\u00fcsse m\u00f6glich. Marshmallow kann Gelatine enthalten (tierisch) oder pflanzliche Alternative verwenden.<\/p>\n","protected":false},"featured_media":389,"template":"","meta":[],"product_cat":[44],"product_tag":[],"class_list":{"0":"post-324","1":"product","2":"type-product","3":"status-publish","4":"has-post-thumbnail","6":"product_cat-essen-und-trinken","8":"first","9":"instock","10":"taxable","11":"shipping-taxable","12":"purchasable","13":"product-type-simple"},"_links":{"self":[{"href":"https:\/\/actionmall.act.at\/shop\/2256\/wp-json\/wp\/v2\/product\/324"}],"collection":[{"href":"https:\/\/actionmall.act.at\/shop\/2256\/wp-json\/wp\/v2\/product"}],"about":[{"href":"https:\/\/actionmall.act.at\/shop\/2256\/wp-json\/wp\/v2\/types\/product"}],"wp:featuredmedia":[{"embeddable":true,"href":"https:\/\/actionmall.act.at\/shop\/2256\/wp-json\/wp\/v2\/media\/389"}],"wp:attachment":[{"href":"https:\/\/actionmall.act.at\/shop\/2256\/wp-json\/wp\/v2\/media?parent=324"}],"wp:term":[{"taxonomy":"product_cat","embeddable":true,"href":"https:\/\/actionmall.act.at\/shop\/2256\/wp-json\/wp\/v2\/product_cat?post=324"},{"taxonomy":"product_tag","embeddable":true,"href":"https:\/\/actionmall.act.at\/shop\/2256\/wp-json\/wp\/v2\/product_tag?post=324"}],"curies":[{"name":"wp","href":"https:\/\/api.w.org\/{rel}","templated":true}]}}