{"id":426,"date":"2026-02-02T12:37:32","date_gmt":"2026-02-02T11:37:32","guid":{"rendered":"https:\/\/actionmall.act.at\/shop\/2256\/?post_type=product&#038;p=426"},"modified":"2026-04-07T05:42:09","modified_gmt":"2026-04-07T03:42:09","slug":"chockorb","status":"publish","type":"product","link":"https:\/\/actionmall.act.at\/shop\/2256\/produkt\/chockorb\/","title":{"rendered":"ChocKorb"},"content":{"rendered":"<h3 data-path-to-node=\"2\"><b data-path-to-node=\"2\" data-index-in-node=\"0\">Geschmackserlebnis<\/b><\/h3>\n<ul data-path-to-node=\"3\">\n<li>\n<p data-path-to-node=\"3,0,0\"><b data-path-to-node=\"3,0,0\" data-index-in-node=\"0\">Schokolade:<\/b> Freu dich auf zartschmelzende Vollmilch- und dunkle Edelschokolade. Der gro\u00dfe Schokohase und das Deko-Ei versprechen ein reiches Kakao-Aroma mit feiner Vanillenote.<\/p>\n<\/li>\n<li>\n<p data-path-to-node=\"3,1,0\"><b data-path-to-node=\"3,1,0\" data-index-in-node=\"0\">Feinkost:<\/b> Die stilvollen Gl\u00e4ser und Schachteln beherbergen eine feine Auswahl an nussig oder fruchtig umh\u00fcllten Dragees sowie handwerklich gefertigtes Geb\u00e4ck<\/p>\n<\/li>\n<li>\n<p data-path-to-node=\"3,2,0\"><b data-path-to-node=\"3,2,0\" data-index-in-node=\"0\">Wein:<\/b> Der Rotwein bildet mit seinen fruchtigen Beerenaromen den perfekten, herben Kontrast zur S\u00fc\u00dfe der Schokolade.<\/p>\n<\/li>\n<li>\n<p data-path-to-node=\"3,2,0\"><b style=\"font-size: 1.618em\" data-path-to-node=\"5\" data-index-in-node=\"0\">Typische Zutaten<\/b><\/p>\n<ul data-path-to-node=\"7\">\n<li>\n<p data-path-to-node=\"7,0,0\"><b data-path-to-node=\"7,0,0\" data-index-in-node=\"0\">Basis:<\/b> Kakaomasse, Kakaobutter, Vollmilchpulver, Zucker.<\/p>\n<\/li>\n<li>\n<p data-path-to-node=\"7,1,0\"><b data-path-to-node=\"7,1,0\" data-index-in-node=\"0\">Verfeinerung:<\/b> Nat\u00fcrliches Vanillearoma, Haseln\u00fcsse oder Mandeln (in den Dragees\/Pralinen).<\/p>\n<\/li>\n<li>\n<p data-path-to-node=\"7,2,0\"><b data-path-to-node=\"7,2,0\" data-index-in-node=\"0\">Extras:<\/b> Eventuell kandierte Fr\u00fcchte oder Gew\u00fcrze wie Zimt (siehe die Deko-Stangen im Korb).<\/p>\n<h3 data-path-to-node=\"9\"><b data-path-to-node=\"9\" data-index-in-node=\"0\">Wichtige Allergenhinweise<\/b><\/h3>\n<ul data-path-to-node=\"11\">\n<li>\n<p data-path-to-node=\"11,0,0\"><b data-path-to-node=\"11,0,0\" data-index-in-node=\"0\">Milch &#038; Laktose:<\/b> In allen Vollmilchprodukten enthalten.<\/p>\n<\/li>\n<li>\n<p data-path-to-node=\"11,1,0\"><b data-path-to-node=\"11,1,0\" data-index-in-node=\"0\">Schalenfr\u00fcchte:<\/b> N\u00fcsse (Haseln\u00fcsse, Mandeln) sind enthalten oder als Spuren vorhanden.<\/p>\n<\/li>\n<li>\n<p data-path-to-node=\"11,3,0\"><b data-path-to-node=\"11,3,0\" data-index-in-node=\"0\">Gluten:<\/b> Kann in Geb\u00e4ck oder Schokokugeln mit Knusperkern vorkommen.<\/p>\n<\/li>\n<li>\n<p data-path-to-node=\"11,4,0\"><b data-path-to-node=\"11,4,0\" data-index-in-node=\"0\">Sulfite:<\/b> Im Rotwein enthalten.<\/p>\n<\/li>\n<\/ul>\n<\/li>\n<\/ul>\n<\/li>\n<\/ul>\n","protected":false},"excerpt":{"rendered":"<p>Geschmackserlebnis Schokolade: Freu dich auf zartschmelzende Vollmilch- und dunkle Edelschokolade. Der gro\u00dfe Schokohase und das Deko-Ei versprechen ein reiches Kakao-Aroma mit feiner Vanillenote. Feinkost: Die stilvollen Gl\u00e4ser und Schachteln beherbergen eine feine Auswahl an nussig oder fruchtig umh\u00fcllten Dragees sowie handwerklich gefertigtes Geb\u00e4ck Wein: Der Rotwein bildet mit seinen fruchtigen Beerenaromen den perfekten, herben Kontrast [&hellip;]<\/p>\n","protected":false},"featured_media":427,"template":"","meta":[],"product_cat":[44],"product_tag":[],"class_list":{"0":"post-426","1":"product","2":"type-product","3":"status-publish","4":"has-post-thumbnail","6":"product_cat-essen-und-trinken","8":"first","9":"instock","10":"taxable","11":"shipping-taxable","12":"purchasable","13":"product-type-simple"},"_links":{"self":[{"href":"https:\/\/actionmall.act.at\/shop\/2256\/wp-json\/wp\/v2\/product\/426"}],"collection":[{"href":"https:\/\/actionmall.act.at\/shop\/2256\/wp-json\/wp\/v2\/product"}],"about":[{"href":"https:\/\/actionmall.act.at\/shop\/2256\/wp-json\/wp\/v2\/types\/product"}],"wp:featuredmedia":[{"embeddable":true,"href":"https:\/\/actionmall.act.at\/shop\/2256\/wp-json\/wp\/v2\/media\/427"}],"wp:attachment":[{"href":"https:\/\/actionmall.act.at\/shop\/2256\/wp-json\/wp\/v2\/media?parent=426"}],"wp:term":[{"taxonomy":"product_cat","embeddable":true,"href":"https:\/\/actionmall.act.at\/shop\/2256\/wp-json\/wp\/v2\/product_cat?post=426"},{"taxonomy":"product_tag","embeddable":true,"href":"https:\/\/actionmall.act.at\/shop\/2256\/wp-json\/wp\/v2\/product_tag?post=426"}],"curies":[{"name":"wp","href":"https:\/\/api.w.org\/{rel}","templated":true}]}}