{"id":431,"date":"2026-02-02T13:21:41","date_gmt":"2026-02-02T12:21:41","guid":{"rendered":"https:\/\/actionmall.act.at\/shop\/2256\/?post_type=product&#038;p=431"},"modified":"2026-03-23T12:26:56","modified_gmt":"2026-03-23T11:26:56","slug":"chocknuspernest","status":"publish","type":"product","link":"https:\/\/actionmall.act.at\/shop\/2256\/produkt\/chocknuspernest\/","title":{"rendered":"ChocKnuspernest"},"content":{"rendered":"<ul>\n<li>\n<p data-path-to-node=\"5,0,0\"><b data-path-to-node=\"5,0,0\" data-index-in-node=\"0\">Nougat-Eier (links):<\/b><\/p>\n<ul data-path-to-node=\"5,0,1\">\n<li>\n<p data-path-to-node=\"5,0,1,0,0\"><b data-path-to-node=\"5,0,1,0,0\" data-index-in-node=\"0\">H\u00fclle:<\/b> Dunkle oder Vollmilchschokolade.<\/p>\n<\/li>\n<li>\n<p data-path-to-node=\"5,0,1,1,0\"><b data-path-to-node=\"5,0,1,1,0\" data-index-in-node=\"0\">F\u00fcllung:<\/b> Eine cremige, gespritzte Nougat-Ganache.<\/p>\n<\/li>\n<li>\n<p data-path-to-node=\"5,0,1,2,0\"><b data-path-to-node=\"5,0,1,2,0\" data-index-in-node=\"0\">Topping:<\/b> Gehackte Haseln\u00fcsse.<\/p>\n<\/li>\n<\/ul>\n<\/li>\n<li>\n<p data-path-to-node=\"5,1,0\"><b data-path-to-node=\"5,1,0\" data-index-in-node=\"0\">Oreo-Eier (rechts):<\/b><\/p>\n<ul data-path-to-node=\"5,1,1\">\n<li>\n<p data-path-to-node=\"5,1,1,0,0\"><b data-path-to-node=\"5,1,1,0,0\" data-index-in-node=\"0\">H\u00fclle:<\/b> Wei\u00dfe Schokolade.<\/p>\n<\/li>\n<li>\n<p data-path-to-node=\"5,1,1,1,0\"><b data-path-to-node=\"5,1,1,1,0\" data-index-in-node=\"0\">F\u00fcllung:<\/b> Eine helle Milch- oder Sahnecreme (Cookies &#038; Cream).<\/p>\n<\/li>\n<li>\n<p data-path-to-node=\"5,1,1,2,0\"><b data-path-to-node=\"5,1,1,2,0\" data-index-in-node=\"0\">Topping:<\/b> Dunkle Keksst\u00fcckchen (Oreo-Stil).<\/p>\n<h3 data-path-to-node=\"7\"><\/h3>\n<h3 data-path-to-node=\"7\">Geschmacksprofil<\/h3>\n<ul data-path-to-node=\"8\">\n<li>\n<p data-path-to-node=\"8,0,0\"><b data-path-to-node=\"8,0,0\" data-index-in-node=\"0\">Nougat-Edition:<\/b> Sehr s\u00fc\u00df, intensiv nussig und schmelzend. Die ger\u00f6steten Haselnussst\u00fccke sorgen f\u00fcr einen leichten Crunch und einen herben Kontrast zur s\u00fc\u00dfen Creme.<\/p>\n<\/li>\n<li>\n<p data-path-to-node=\"8,1,0\"><b data-path-to-node=\"8,1,0\" data-index-in-node=\"0\">Oreo-Edition:<\/b> Dominante Vanille- und Milchnote durch die wei\u00dfe Schokolade, kombiniert mit dem typischen herben Kakao-Geschmack der dunklen Keksst\u00fccke.<\/p>\n<\/li>\n<li>\n<h5 data-path-to-node=\"8,1,0\"><span data-path-to-node=\"12,2,0,0\"><b data-path-to-node=\"12,2,0,0\" data-index-in-node=\"0\">Allergene: <\/b><\/span><span data-path-to-node=\"12,2,1,0\"><b data-path-to-node=\"12,2,1,0\" data-index-in-node=\"0\">Schalenfr\u00fcchte<\/b> (Haseln\u00fcsse), <b data-path-to-node=\"12,2,1,0\" data-index-in-node=\"29\">Milcherzeugnisse<\/b> (Laktose), <b data-path-to-node=\"12,2,1,0\" data-index-in-node=\"57\">Gluten<\/b> (im Keks), <b data-path-to-node=\"12,2,1,0\" data-index-in-node=\"75\">Soja<\/b> (Lecithin als Emulgator).<\/span><\/h5>\n<\/li>\n<\/ul>\n<\/li>\n<\/ul>\n<\/li>\n<\/ul>\n","protected":false},"excerpt":{"rendered":"<p>Nougat-Eier (links): H\u00fclle: Dunkle oder Vollmilchschokolade. F\u00fcllung: Eine cremige, gespritzte Nougat-Ganache. Topping: Gehackte Haseln\u00fcsse. Oreo-Eier (rechts): H\u00fclle: Wei\u00dfe Schokolade. F\u00fcllung: Eine helle Milch- oder Sahnecreme (Cookies &#038; Cream). Topping: Dunkle Keksst\u00fcckchen (Oreo-Stil). Geschmacksprofil Nougat-Edition: Sehr s\u00fc\u00df, intensiv nussig und schmelzend. Die ger\u00f6steten Haselnussst\u00fccke sorgen f\u00fcr einen leichten Crunch und einen herben Kontrast zur s\u00fc\u00dfen Creme. [&hellip;]<\/p>\n","protected":false},"featured_media":432,"template":"","meta":[],"product_cat":[44],"product_tag":[],"class_list":{"0":"post-431","1":"product","2":"type-product","3":"status-publish","4":"has-post-thumbnail","6":"product_cat-essen-und-trinken","8":"first","9":"instock","10":"sale","11":"taxable","12":"shipping-taxable","13":"purchasable","14":"product-type-simple"},"_links":{"self":[{"href":"https:\/\/actionmall.act.at\/shop\/2256\/wp-json\/wp\/v2\/product\/431"}],"collection":[{"href":"https:\/\/actionmall.act.at\/shop\/2256\/wp-json\/wp\/v2\/product"}],"about":[{"href":"https:\/\/actionmall.act.at\/shop\/2256\/wp-json\/wp\/v2\/types\/product"}],"wp:featuredmedia":[{"embeddable":true,"href":"https:\/\/actionmall.act.at\/shop\/2256\/wp-json\/wp\/v2\/media\/432"}],"wp:attachment":[{"href":"https:\/\/actionmall.act.at\/shop\/2256\/wp-json\/wp\/v2\/media?parent=431"}],"wp:term":[{"taxonomy":"product_cat","embeddable":true,"href":"https:\/\/actionmall.act.at\/shop\/2256\/wp-json\/wp\/v2\/product_cat?post=431"},{"taxonomy":"product_tag","embeddable":true,"href":"https:\/\/actionmall.act.at\/shop\/2256\/wp-json\/wp\/v2\/product_tag?post=431"}],"curies":[{"name":"wp","href":"https:\/\/api.w.org\/{rel}","templated":true}]}}