{"id":344,"date":"2025-11-25T08:04:05","date_gmt":"2025-11-25T07:04:05","guid":{"rendered":"https:\/\/actionmall.act.at\/shop\/2358\/?post_type=product&#038;p=344"},"modified":"2025-11-25T08:04:05","modified_gmt":"2025-11-25T07:04:05","slug":"blazestriker","status":"publish","type":"product","link":"https:\/\/actionmall.act.at\/shop\/2358\/en\/produkt\/blazestriker\/","title":{"rendered":"BlazeStriker"},"content":{"rendered":"<p>Erleben Sie h\u00f6chste Stabilit\u00e4t, pr\u00e4zise Kontrolle und geschmeidiges Fahrgef\u00fchl bei jedem Schwung. Unsere Ski vereinen modernes Design mit innovativer Technologie \u2013 ideal f\u00fcr Einsteiger bis Profis.<\/p>\n","protected":false},"excerpt":{"rendered":"<p>Erleben Sie h\u00f6chste Stabilit\u00e4t, pr\u00e4zise Kontrolle und geschmeidiges Fahrgef\u00fchl bei jedem Schwung. Unsere Ski vereinen modernes Design mit innovativer Technologie \u2013 ideal f\u00fcr Einsteiger bis Profis.<\/p>\n","protected":false},"featured_media":345,"template":"","meta":[],"product_cat":[],"product_tag":[],"class_list":{"0":"post-344","1":"product","2":"type-product","3":"status-publish","4":"has-post-thumbnail","7":"first","8":"instock","9":"taxable","10":"shipping-taxable","11":"purchasable","12":"product-type-simple"},"_links":{"self":[{"href":"https:\/\/actionmall.act.at\/shop\/2358\/en\/wp-json\/wp\/v2\/product\/344"}],"collection":[{"href":"https:\/\/actionmall.act.at\/shop\/2358\/en\/wp-json\/wp\/v2\/product"}],"about":[{"href":"https:\/\/actionmall.act.at\/shop\/2358\/en\/wp-json\/wp\/v2\/types\/product"}],"wp:featuredmedia":[{"embeddable":true,"href":"https:\/\/actionmall.act.at\/shop\/2358\/en\/wp-json\/wp\/v2\/media\/345"}],"wp:attachment":[{"href":"https:\/\/actionmall.act.at\/shop\/2358\/en\/wp-json\/wp\/v2\/media?parent=344"}],"wp:term":[{"taxonomy":"product_cat","embeddable":true,"href":"https:\/\/actionmall.act.at\/shop\/2358\/en\/wp-json\/wp\/v2\/product_cat?post=344"},{"taxonomy":"product_tag","embeddable":true,"href":"https:\/\/actionmall.act.at\/shop\/2358\/en\/wp-json\/wp\/v2\/product_tag?post=344"}],"curies":[{"name":"wp","href":"https:\/\/api.w.org\/{rel}","templated":true}]}}