{"id":352,"date":"2025-11-25T10:09:42","date_gmt":"2025-11-25T09:09:42","guid":{"rendered":"https:\/\/actionmall.act.at\/shop\/2358\/?post_type=product&#038;p=352"},"modified":"2025-11-25T10:12:36","modified_gmt":"2025-11-25T09:12:36","slug":"handyhuelle-retro-ski","status":"publish","type":"product","link":"https:\/\/actionmall.act.at\/shop\/2358\/en\/produkt\/handyhuelle-retro-ski\/","title":{"rendered":"Handyh\u00fclle &#8220;Retro Ski&#8221;"},"content":{"rendered":"<p>Diese strapazierf\u00e4hige Handyh\u00fclle bietet zuverl\u00e4ssigen Schutz vor St\u00f6\u00dfen, Kratzern und Staub. Sie ist d\u00fcnn, leicht und passt sich perfekt deinem Ger\u00e4t an, ohne die Handhabung zu beeintr\u00e4chtigen. Mit pr\u00e4zisen Ausschnitten f\u00fcr Tasten und Anschl\u00fcsse sowie einer rutschfesten Oberfl\u00e4che f\u00fcr sicheren Halt.<\/p>\n","protected":false},"excerpt":{"rendered":"<p>Diese strapazierf\u00e4hige Handyh\u00fclle bietet zuverl\u00e4ssigen Schutz vor St\u00f6\u00dfen, Kratzern und Staub. Sie ist d\u00fcnn, leicht und passt sich perfekt deinem Ger\u00e4t an, ohne die Handhabung zu beeintr\u00e4chtigen. Mit pr\u00e4zisen Ausschnitten f\u00fcr Tasten und Anschl\u00fcsse sowie einer rutschfesten Oberfl\u00e4che f\u00fcr sicheren Halt.<\/p>\n","protected":false},"featured_media":358,"template":"","meta":[],"product_cat":[],"product_tag":[],"class_list":{"0":"post-352","1":"product","2":"type-product","3":"status-publish","4":"has-post-thumbnail","7":"first","8":"instock","9":"taxable","10":"shipping-taxable","11":"purchasable","12":"product-type-simple"},"_links":{"self":[{"href":"https:\/\/actionmall.act.at\/shop\/2358\/en\/wp-json\/wp\/v2\/product\/352"}],"collection":[{"href":"https:\/\/actionmall.act.at\/shop\/2358\/en\/wp-json\/wp\/v2\/product"}],"about":[{"href":"https:\/\/actionmall.act.at\/shop\/2358\/en\/wp-json\/wp\/v2\/types\/product"}],"wp:featuredmedia":[{"embeddable":true,"href":"https:\/\/actionmall.act.at\/shop\/2358\/en\/wp-json\/wp\/v2\/media\/358"}],"wp:attachment":[{"href":"https:\/\/actionmall.act.at\/shop\/2358\/en\/wp-json\/wp\/v2\/media?parent=352"}],"wp:term":[{"taxonomy":"product_cat","embeddable":true,"href":"https:\/\/actionmall.act.at\/shop\/2358\/en\/wp-json\/wp\/v2\/product_cat?post=352"},{"taxonomy":"product_tag","embeddable":true,"href":"https:\/\/actionmall.act.at\/shop\/2358\/en\/wp-json\/wp\/v2\/product_tag?post=352"}],"curies":[{"name":"wp","href":"https:\/\/api.w.org\/{rel}","templated":true}]}}