{"id":357,"date":"2025-11-25T10:11:51","date_gmt":"2025-11-25T09:11:51","guid":{"rendered":"https:\/\/actionmall.act.at\/shop\/2358\/?post_type=product&#038;p=357"},"modified":"2025-11-25T10:12:35","modified_gmt":"2025-11-25T09:12:35","slug":"weinachtskissen-ski","status":"publish","type":"product","link":"https:\/\/actionmall.act.at\/shop\/2358\/en\/produkt\/weinachtskissen-ski\/","title":{"rendered":"Weinachtskissen &#8220;Ski&#8221;"},"content":{"rendered":"<p>Gem\u00fctliches Winterkissen mit eingestickten Ski- und Snowboardmotiven sowie Tannenb\u00e4umen. Der weiche, strukturierte Stoff verleiht eine warme, alpine Atmosph\u00e4re und macht das Kissen zum perfekten winterlichen Dekorationsakzent.<\/p>\n","protected":false},"excerpt":{"rendered":"<p>Gem\u00fctliches Winterkissen mit eingestickten Ski- und Snowboardmotiven sowie Tannenb\u00e4umen. Der weiche, strukturierte Stoff verleiht eine warme, alpine Atmosph\u00e4re und macht das Kissen zum perfekten winterlichen Dekorationsakzent.<\/p>\n","protected":false},"featured_media":359,"template":"","meta":[],"product_cat":[],"product_tag":[],"class_list":{"0":"post-357","1":"product","2":"type-product","3":"status-publish","4":"has-post-thumbnail","7":"first","8":"instock","9":"taxable","10":"shipping-taxable","11":"purchasable","12":"product-type-simple"},"_links":{"self":[{"href":"https:\/\/actionmall.act.at\/shop\/2358\/en\/wp-json\/wp\/v2\/product\/357"}],"collection":[{"href":"https:\/\/actionmall.act.at\/shop\/2358\/en\/wp-json\/wp\/v2\/product"}],"about":[{"href":"https:\/\/actionmall.act.at\/shop\/2358\/en\/wp-json\/wp\/v2\/types\/product"}],"wp:featuredmedia":[{"embeddable":true,"href":"https:\/\/actionmall.act.at\/shop\/2358\/en\/wp-json\/wp\/v2\/media\/359"}],"wp:attachment":[{"href":"https:\/\/actionmall.act.at\/shop\/2358\/en\/wp-json\/wp\/v2\/media?parent=357"}],"wp:term":[{"taxonomy":"product_cat","embeddable":true,"href":"https:\/\/actionmall.act.at\/shop\/2358\/en\/wp-json\/wp\/v2\/product_cat?post=357"},{"taxonomy":"product_tag","embeddable":true,"href":"https:\/\/actionmall.act.at\/shop\/2358\/en\/wp-json\/wp\/v2\/product_tag?post=357"}],"curies":[{"name":"wp","href":"https:\/\/api.w.org\/{rel}","templated":true}]}}