{"id":375,"date":"2025-12-09T10:49:41","date_gmt":"2025-12-09T09:49:41","guid":{"rendered":"https:\/\/actionmall.act.at\/shop\/2358\/?post_type=product&#038;p=375"},"modified":"2025-12-09T10:49:41","modified_gmt":"2025-12-09T09:49:41","slug":"glueckshemd-gluecksklee","status":"publish","type":"product","link":"https:\/\/actionmall.act.at\/shop\/2358\/en\/produkt\/glueckshemd-gluecksklee\/","title":{"rendered":"Gl\u00fcckshemd &#8220;Gl\u00fccksklee&#8221;"},"content":{"rendered":"<p>Dieses hochwertige Hemd \u00fcberzeugt mit einem modernen Schnitt, angenehmem Tragekomfort und einer erstklassigen Materialqualit\u00e4t. Der klassische Kragen und die saubere Knopfleiste verleihen ihm einen stilvollen Look.\u00a0 Vielseitig kombinierbar und pflegeleicht \u2013 ein Must-have f\u00fcr jeden Kleiderschrank.<\/p>\n","protected":false},"excerpt":{"rendered":"<p>Dieses hochwertige Hemd \u00fcberzeugt mit einem modernen Schnitt, angenehmem Tragekomfort und einer erstklassigen Materialqualit\u00e4t. Der klassische Kragen und die saubere Knopfleiste verleihen ihm einen stilvollen Look.\u00a0 Vielseitig kombinierbar und pflegeleicht \u2013 ein Must-have f\u00fcr jeden Kleiderschrank.<\/p>\n","protected":false},"featured_media":376,"template":"","meta":[],"product_cat":[],"product_tag":[],"class_list":{"0":"post-375","1":"product","2":"type-product","3":"status-publish","4":"has-post-thumbnail","7":"first","8":"instock","9":"taxable","10":"shipping-taxable","11":"purchasable","12":"product-type-simple"},"_links":{"self":[{"href":"https:\/\/actionmall.act.at\/shop\/2358\/en\/wp-json\/wp\/v2\/product\/375"}],"collection":[{"href":"https:\/\/actionmall.act.at\/shop\/2358\/en\/wp-json\/wp\/v2\/product"}],"about":[{"href":"https:\/\/actionmall.act.at\/shop\/2358\/en\/wp-json\/wp\/v2\/types\/product"}],"wp:featuredmedia":[{"embeddable":true,"href":"https:\/\/actionmall.act.at\/shop\/2358\/en\/wp-json\/wp\/v2\/media\/376"}],"wp:attachment":[{"href":"https:\/\/actionmall.act.at\/shop\/2358\/en\/wp-json\/wp\/v2\/media?parent=375"}],"wp:term":[{"taxonomy":"product_cat","embeddable":true,"href":"https:\/\/actionmall.act.at\/shop\/2358\/en\/wp-json\/wp\/v2\/product_cat?post=375"},{"taxonomy":"product_tag","embeddable":true,"href":"https:\/\/actionmall.act.at\/shop\/2358\/en\/wp-json\/wp\/v2\/product_tag?post=375"}],"curies":[{"name":"wp","href":"https:\/\/api.w.org\/{rel}","templated":true}]}}