{"id":403,"date":"2026-01-27T08:49:53","date_gmt":"2026-01-27T07:49:53","guid":{"rendered":"https:\/\/actionmall.act.at\/shop\/2358\/?post_type=product&#038;p=403"},"modified":"2026-01-27T08:50:07","modified_gmt":"2026-01-27T07:50:07","slug":"fasching-snowboarder","status":"publish","type":"product","link":"https:\/\/actionmall.act.at\/shop\/2358\/en\/produkt\/fasching-snowboarder\/","title":{"rendered":"Fasching &#8220;Snowboarder&#8221;"},"content":{"rendered":"<p><strong data-start=\"46\" data-end=\"79\">Faschingskost\u00fcm \u201eSnowboarder\u201c<\/strong><br data-start=\"79\" data-end=\"82\" \/>Auff\u00e4lliges Retro-Snowboarder-Kost\u00fcm in knalligen Neonfarben. Das Outfit besteht aus einer farbenfrohen Jacke und passender Hose im 90er-Jahre-Style und sorgt garantiert f\u00fcr Aufmerksamkeit auf jeder Faschings- oder Mottoparty. Ideal f\u00fcr Winter-, Ski- oder Apr\u00e8s-Ski-Mottos. Bequem zu tragen und perfekt f\u00fcr einen sportlich-l\u00e4ssigen Look.<\/p>\n","protected":false},"excerpt":{"rendered":"<p>Faschingskost\u00fcm \u201eSnowboarder\u201cAuff\u00e4lliges Retro-Snowboarder-Kost\u00fcm in knalligen Neonfarben. Das Outfit besteht aus einer farbenfrohen Jacke und passender Hose im 90er-Jahre-Style und sorgt garantiert f\u00fcr Aufmerksamkeit auf jeder Faschings- oder Mottoparty. Ideal f\u00fcr Winter-, Ski- oder Apr\u00e8s-Ski-Mottos. Bequem zu tragen und perfekt f\u00fcr einen sportlich-l\u00e4ssigen Look.<\/p>\n","protected":false},"featured_media":404,"template":"","meta":[],"product_cat":[],"product_tag":[],"class_list":{"0":"post-403","1":"product","2":"type-product","3":"status-publish","4":"has-post-thumbnail","7":"first","8":"instock","9":"taxable","10":"shipping-taxable","11":"purchasable","12":"product-type-simple"},"_links":{"self":[{"href":"https:\/\/actionmall.act.at\/shop\/2358\/en\/wp-json\/wp\/v2\/product\/403"}],"collection":[{"href":"https:\/\/actionmall.act.at\/shop\/2358\/en\/wp-json\/wp\/v2\/product"}],"about":[{"href":"https:\/\/actionmall.act.at\/shop\/2358\/en\/wp-json\/wp\/v2\/types\/product"}],"wp:featuredmedia":[{"embeddable":true,"href":"https:\/\/actionmall.act.at\/shop\/2358\/en\/wp-json\/wp\/v2\/media\/404"}],"wp:attachment":[{"href":"https:\/\/actionmall.act.at\/shop\/2358\/en\/wp-json\/wp\/v2\/media?parent=403"}],"wp:term":[{"taxonomy":"product_cat","embeddable":true,"href":"https:\/\/actionmall.act.at\/shop\/2358\/en\/wp-json\/wp\/v2\/product_cat?post=403"},{"taxonomy":"product_tag","embeddable":true,"href":"https:\/\/actionmall.act.at\/shop\/2358\/en\/wp-json\/wp\/v2\/product_tag?post=403"}],"curies":[{"name":"wp","href":"https:\/\/api.w.org\/{rel}","templated":true}]}}