{"id":413,"date":"2026-01-27T08:56:18","date_gmt":"2026-01-27T07:56:18","guid":{"rendered":"https:\/\/actionmall.act.at\/shop\/2358\/?post_type=product&#038;p=413"},"modified":"2026-01-27T08:56:18","modified_gmt":"2026-01-27T07:56:18","slug":"fasching-aerobic","status":"publish","type":"product","link":"https:\/\/actionmall.act.at\/shop\/2358\/en\/produkt\/fasching-aerobic\/","title":{"rendered":"Fasching &#8220;Aerobic&#8221;"},"content":{"rendered":"<p>Auff\u00e4lliger Retro-Einteiler in Pink &#038; T\u00fcrkis mit Stirnband und Armb\u00e4ndern. Perfekt f\u00fcr Fasching, Mottopartys und jede Menge 80s-Feeling. Bequem, elastisch und ein echter Hingucker auf der Tanzfl\u00e4che.<\/p>\n","protected":false},"excerpt":{"rendered":"<p>Auff\u00e4lliger Retro-Einteiler in Pink &#038; T\u00fcrkis mit Stirnband und Armb\u00e4ndern. Perfekt f\u00fcr Fasching, Mottopartys und jede Menge 80s-Feeling. Bequem, elastisch und ein echter Hingucker auf der Tanzfl\u00e4che.<\/p>\n","protected":false},"featured_media":415,"template":"","meta":[],"product_cat":[],"product_tag":[],"class_list":{"0":"post-413","1":"product","2":"type-product","3":"status-publish","4":"has-post-thumbnail","7":"first","8":"instock","9":"taxable","10":"shipping-taxable","11":"purchasable","12":"product-type-simple"},"_links":{"self":[{"href":"https:\/\/actionmall.act.at\/shop\/2358\/en\/wp-json\/wp\/v2\/product\/413"}],"collection":[{"href":"https:\/\/actionmall.act.at\/shop\/2358\/en\/wp-json\/wp\/v2\/product"}],"about":[{"href":"https:\/\/actionmall.act.at\/shop\/2358\/en\/wp-json\/wp\/v2\/types\/product"}],"wp:featuredmedia":[{"embeddable":true,"href":"https:\/\/actionmall.act.at\/shop\/2358\/en\/wp-json\/wp\/v2\/media\/415"}],"wp:attachment":[{"href":"https:\/\/actionmall.act.at\/shop\/2358\/en\/wp-json\/wp\/v2\/media?parent=413"}],"wp:term":[{"taxonomy":"product_cat","embeddable":true,"href":"https:\/\/actionmall.act.at\/shop\/2358\/en\/wp-json\/wp\/v2\/product_cat?post=413"},{"taxonomy":"product_tag","embeddable":true,"href":"https:\/\/actionmall.act.at\/shop\/2358\/en\/wp-json\/wp\/v2\/product_tag?post=413"}],"curies":[{"name":"wp","href":"https:\/\/api.w.org\/{rel}","templated":true}]}}