{"id":418,"date":"2026-01-27T09:02:50","date_gmt":"2026-01-27T08:02:50","guid":{"rendered":"https:\/\/actionmall.act.at\/shop\/2358\/?post_type=product&#038;p=418"},"modified":"2026-01-27T09:03:37","modified_gmt":"2026-01-27T08:03:37","slug":"fasching-sportacus","status":"publish","type":"product","link":"https:\/\/actionmall.act.at\/shop\/2358\/en\/produkt\/fasching-sportacus\/","title":{"rendered":"Fasching &#8220;Sportacus&#8221;"},"content":{"rendered":"<p>Sportliches Sportacus-Kost\u00fcm aus <em data-start=\"145\" data-end=\"155\">LazyTown<\/em> mit blau-wei\u00dfem Outfit, passender M\u00fctze und Brille. Perfekt f\u00fcr alle, die an Fasching Energie, Bewegung und gute Laune verbreiten wollen.<\/p>\n","protected":false},"excerpt":{"rendered":"<p>Sportliches Sportacus-Kost\u00fcm aus LazyTown mit blau-wei\u00dfem Outfit, passender M\u00fctze und Brille. Perfekt f\u00fcr alle, die an Fasching Energie, Bewegung und gute Laune verbreiten wollen.<\/p>\n","protected":false},"featured_media":422,"template":"","meta":[],"product_cat":[],"product_tag":[],"class_list":{"0":"post-418","1":"product","2":"type-product","3":"status-publish","4":"has-post-thumbnail","7":"first","8":"instock","9":"taxable","10":"shipping-taxable","11":"purchasable","12":"product-type-simple"},"_links":{"self":[{"href":"https:\/\/actionmall.act.at\/shop\/2358\/en\/wp-json\/wp\/v2\/product\/418"}],"collection":[{"href":"https:\/\/actionmall.act.at\/shop\/2358\/en\/wp-json\/wp\/v2\/product"}],"about":[{"href":"https:\/\/actionmall.act.at\/shop\/2358\/en\/wp-json\/wp\/v2\/types\/product"}],"wp:featuredmedia":[{"embeddable":true,"href":"https:\/\/actionmall.act.at\/shop\/2358\/en\/wp-json\/wp\/v2\/media\/422"}],"wp:attachment":[{"href":"https:\/\/actionmall.act.at\/shop\/2358\/en\/wp-json\/wp\/v2\/media?parent=418"}],"wp:term":[{"taxonomy":"product_cat","embeddable":true,"href":"https:\/\/actionmall.act.at\/shop\/2358\/en\/wp-json\/wp\/v2\/product_cat?post=418"},{"taxonomy":"product_tag","embeddable":true,"href":"https:\/\/actionmall.act.at\/shop\/2358\/en\/wp-json\/wp\/v2\/product_tag?post=418"}],"curies":[{"name":"wp","href":"https:\/\/api.w.org\/{rel}","templated":true}]}}