{"id":421,"date":"2026-01-27T09:00:40","date_gmt":"2026-01-27T08:00:40","guid":{"rendered":"https:\/\/actionmall.act.at\/shop\/2358\/?post_type=product&#038;p=421"},"modified":"2026-01-27T09:00:40","modified_gmt":"2026-01-27T08:00:40","slug":"fasching-aerobic-barbie","status":"publish","type":"product","link":"https:\/\/actionmall.act.at\/shop\/2358\/en\/produkt\/fasching-aerobic-barbie\/","title":{"rendered":"Fasching &#8220;Aerobic Barbie&#8221;"},"content":{"rendered":"<p>Auff\u00e4lliger Fitness-Look mit gl\u00e4nzendem Einteiler, bunten Stulpen, Stirnband und G\u00fcrtel \u2013 perfekt f\u00fcr Mottopartys, Karneval und 80s-Events.<\/p>\n","protected":false},"excerpt":{"rendered":"<p>Auff\u00e4lliger Fitness-Look mit gl\u00e4nzendem Einteiler, bunten Stulpen, Stirnband und G\u00fcrtel \u2013 perfekt f\u00fcr Mottopartys, Karneval und 80s-Events.<\/p>\n","protected":false},"featured_media":423,"template":"","meta":[],"product_cat":[],"product_tag":[],"class_list":{"0":"post-421","1":"product","2":"type-product","3":"status-publish","4":"has-post-thumbnail","7":"first","8":"instock","9":"taxable","10":"shipping-taxable","11":"purchasable","12":"product-type-simple"},"_links":{"self":[{"href":"https:\/\/actionmall.act.at\/shop\/2358\/en\/wp-json\/wp\/v2\/product\/421"}],"collection":[{"href":"https:\/\/actionmall.act.at\/shop\/2358\/en\/wp-json\/wp\/v2\/product"}],"about":[{"href":"https:\/\/actionmall.act.at\/shop\/2358\/en\/wp-json\/wp\/v2\/types\/product"}],"wp:featuredmedia":[{"embeddable":true,"href":"https:\/\/actionmall.act.at\/shop\/2358\/en\/wp-json\/wp\/v2\/media\/423"}],"wp:attachment":[{"href":"https:\/\/actionmall.act.at\/shop\/2358\/en\/wp-json\/wp\/v2\/media?parent=421"}],"wp:term":[{"taxonomy":"product_cat","embeddable":true,"href":"https:\/\/actionmall.act.at\/shop\/2358\/en\/wp-json\/wp\/v2\/product_cat?post=421"},{"taxonomy":"product_tag","embeddable":true,"href":"https:\/\/actionmall.act.at\/shop\/2358\/en\/wp-json\/wp\/v2\/product_tag?post=421"}],"curies":[{"name":"wp","href":"https:\/\/api.w.org\/{rel}","templated":true}]}}