{"id":346,"date":"2025-11-25T08:05:28","date_gmt":"2025-11-25T07:05:28","guid":{"rendered":"https:\/\/actionmall.act.at\/shop\/2358\/?post_type=product&#038;p=346"},"modified":"2025-11-25T08:05:28","modified_gmt":"2025-11-25T07:05:28","slug":"proshield","status":"publish","type":"product","link":"https:\/\/actionmall.act.at\/shop\/2358\/produkt\/proshield\/","title":{"rendered":"ProShield"},"content":{"rendered":"<p>Maximaler Schutz bei gleichzeitig leichtem Tragegef\u00fchl. Unser Skihelm \u00fcberzeugt mit robuster Bauweise, perfekter Passform und moderner Bel\u00fcftung \u2013 f\u00fcr ungetr\u00fcbten Fahrspa\u00df auf und abseits der Piste.<\/p>\n","protected":false},"excerpt":{"rendered":"<p>Maximaler Schutz bei gleichzeitig leichtem Tragegef\u00fchl. Unser Skihelm \u00fcberzeugt mit robuster Bauweise, perfekter Passform und moderner Bel\u00fcftung \u2013 f\u00fcr ungetr\u00fcbten Fahrspa\u00df auf und abseits der Piste.<\/p>\n","protected":false},"featured_media":347,"template":"","meta":[],"product_cat":[],"product_tag":[],"class_list":{"0":"post-346","1":"product","2":"type-product","3":"status-publish","4":"has-post-thumbnail","7":"first","8":"instock","9":"taxable","10":"shipping-taxable","11":"purchasable","12":"product-type-simple"},"_links":{"self":[{"href":"https:\/\/actionmall.act.at\/shop\/2358\/wp-json\/wp\/v2\/product\/346"}],"collection":[{"href":"https:\/\/actionmall.act.at\/shop\/2358\/wp-json\/wp\/v2\/product"}],"about":[{"href":"https:\/\/actionmall.act.at\/shop\/2358\/wp-json\/wp\/v2\/types\/product"}],"wp:featuredmedia":[{"embeddable":true,"href":"https:\/\/actionmall.act.at\/shop\/2358\/wp-json\/wp\/v2\/media\/347"}],"wp:attachment":[{"href":"https:\/\/actionmall.act.at\/shop\/2358\/wp-json\/wp\/v2\/media?parent=346"}],"wp:term":[{"taxonomy":"product_cat","embeddable":true,"href":"https:\/\/actionmall.act.at\/shop\/2358\/wp-json\/wp\/v2\/product_cat?post=346"},{"taxonomy":"product_tag","embeddable":true,"href":"https:\/\/actionmall.act.at\/shop\/2358\/wp-json\/wp\/v2\/product_tag?post=346"}],"curies":[{"name":"wp","href":"https:\/\/api.w.org\/{rel}","templated":true}]}}