{"id":354,"date":"2025-11-25T10:10:10","date_gmt":"2025-11-25T09:10:10","guid":{"rendered":"https:\/\/actionmall.act.at\/shop\/2358\/?post_type=product&#038;p=354"},"modified":"2025-11-25T10:13:07","modified_gmt":"2025-11-25T09:13:07","slug":"tragetasche-ski","status":"publish","type":"product","link":"https:\/\/actionmall.act.at\/shop\/2358\/produkt\/tragetasche-ski\/","title":{"rendered":"Tragetasche &#8222;Ski&#8220;"},"content":{"rendered":"<p>Diese Tasche mit einem fr\u00f6hlichen Wintersport-Design ist perfekt f\u00fcr Ski- und Winterliebhaber. Die bunten Skifahrer und Schneeflocken machen sie zu einem tollen, festlichen Accessoire f\u00fcr die kalte Jahreszeit!<\/p>\n","protected":false},"excerpt":{"rendered":"<p>Diese Tasche mit einem fr\u00f6hlichen Wintersport-Design ist perfekt f\u00fcr Ski- und Winterliebhaber. Die bunten Skifahrer und Schneeflocken machen sie zu einem tollen, festlichen Accessoire f\u00fcr die kalte Jahreszeit!<\/p>\n","protected":false},"featured_media":0,"template":"","meta":[],"product_cat":[],"product_tag":[],"class_list":{"0":"post-354","1":"product","2":"type-product","3":"status-publish","6":"first","7":"instock","8":"taxable","9":"shipping-taxable","10":"purchasable","11":"product-type-simple"},"_links":{"self":[{"href":"https:\/\/actionmall.act.at\/shop\/2358\/wp-json\/wp\/v2\/product\/354"}],"collection":[{"href":"https:\/\/actionmall.act.at\/shop\/2358\/wp-json\/wp\/v2\/product"}],"about":[{"href":"https:\/\/actionmall.act.at\/shop\/2358\/wp-json\/wp\/v2\/types\/product"}],"wp:attachment":[{"href":"https:\/\/actionmall.act.at\/shop\/2358\/wp-json\/wp\/v2\/media?parent=354"}],"wp:term":[{"taxonomy":"product_cat","embeddable":true,"href":"https:\/\/actionmall.act.at\/shop\/2358\/wp-json\/wp\/v2\/product_cat?post=354"},{"taxonomy":"product_tag","embeddable":true,"href":"https:\/\/actionmall.act.at\/shop\/2358\/wp-json\/wp\/v2\/product_tag?post=354"}],"curies":[{"name":"wp","href":"https:\/\/api.w.org\/{rel}","templated":true}]}}