{"id":368,"date":"2025-12-09T10:08:11","date_gmt":"2025-12-09T09:08:11","guid":{"rendered":"https:\/\/actionmall.act.at\/shop\/2358\/?post_type=product&#038;p=368"},"modified":"2025-12-09T10:08:11","modified_gmt":"2025-12-09T09:08:11","slug":"gluecksschaal-gluecksklee","status":"publish","type":"product","link":"https:\/\/actionmall.act.at\/shop\/2358\/produkt\/gluecksschaal-gluecksklee\/","title":{"rendered":"Gl\u00fccksschaal &#8222;Gl\u00fccksklee&#8220;"},"content":{"rendered":"<p>Dieser leichte, weich fallende Schal mit gr\u00fcnem Kleeblatt-Muster setzt einen frischen Akzent zu jedem Outfit. Ideal f\u00fcr Fr\u00fchling, Sommer oder St. Patrick\u2019s Day, l\u00e4sst er sich vielseitig tragen und verleiht deinem Look eine fr\u00f6hliche, stylische Note.<\/p>\n","protected":false},"excerpt":{"rendered":"<p>Dieser leichte, weich fallende Schal mit gr\u00fcnem Kleeblatt-Muster setzt einen frischen Akzent zu jedem Outfit. Ideal f\u00fcr Fr\u00fchling, Sommer oder St. Patrick\u2019s Day, l\u00e4sst er sich vielseitig tragen und verleiht deinem Look eine fr\u00f6hliche, stylische Note.<\/p>\n","protected":false},"featured_media":369,"template":"","meta":[],"product_cat":[],"product_tag":[],"class_list":{"0":"post-368","1":"product","2":"type-product","3":"status-publish","4":"has-post-thumbnail","7":"first","8":"instock","9":"taxable","10":"shipping-taxable","11":"purchasable","12":"product-type-simple"},"_links":{"self":[{"href":"https:\/\/actionmall.act.at\/shop\/2358\/wp-json\/wp\/v2\/product\/368"}],"collection":[{"href":"https:\/\/actionmall.act.at\/shop\/2358\/wp-json\/wp\/v2\/product"}],"about":[{"href":"https:\/\/actionmall.act.at\/shop\/2358\/wp-json\/wp\/v2\/types\/product"}],"wp:featuredmedia":[{"embeddable":true,"href":"https:\/\/actionmall.act.at\/shop\/2358\/wp-json\/wp\/v2\/media\/369"}],"wp:attachment":[{"href":"https:\/\/actionmall.act.at\/shop\/2358\/wp-json\/wp\/v2\/media?parent=368"}],"wp:term":[{"taxonomy":"product_cat","embeddable":true,"href":"https:\/\/actionmall.act.at\/shop\/2358\/wp-json\/wp\/v2\/product_cat?post=368"},{"taxonomy":"product_tag","embeddable":true,"href":"https:\/\/actionmall.act.at\/shop\/2358\/wp-json\/wp\/v2\/product_tag?post=368"}],"curies":[{"name":"wp","href":"https:\/\/api.w.org\/{rel}","templated":true}]}}