{"id":371,"date":"2025-12-09T10:14:03","date_gmt":"2025-12-09T09:14:03","guid":{"rendered":"https:\/\/actionmall.act.at\/shop\/2358\/?post_type=product&#038;p=371"},"modified":"2025-12-09T10:14:03","modified_gmt":"2025-12-09T09:14:03","slug":"glueckssocken-marienkaefer","status":"publish","type":"product","link":"https:\/\/actionmall.act.at\/shop\/2358\/produkt\/glueckssocken-marienkaefer\/","title":{"rendered":"Gl\u00fcckssocken &#8222;Marienk\u00e4fer&#8220;"},"content":{"rendered":"<p data-start=\"0\" data-end=\"301\">Diese wei\u00dfen Socken mit fr\u00f6hlichem Marienk\u00e4fer-Allover-Print sind nicht nur ein modischer Hingucker, sondern auch ein kleiner Gl\u00fccksbringer f\u00fcr jeden Tag. Die liebevoll gestalteten Marienk\u00e4fer stehen traditionell f\u00fcr Gl\u00fcck und Schutz \u2013 und genau dieses Gef\u00fchl vermitteln die Socken bei jedem Tragen.<\/p>\n<p data-start=\"303\" data-end=\"541\">Hergestellt aus einem weichen, elastischen Material, bieten sie dir h\u00f6chsten Komfort und schmiegen sich angenehm an den Fu\u00df an. Die hochwertige Verarbeitung sorgt daf\u00fcr, dass du lange Freude an deinem pers\u00f6nlichen Gl\u00fccksaccessoire hast.<\/p>\n","protected":false},"excerpt":{"rendered":"<p>Diese wei\u00dfen Socken mit fr\u00f6hlichem Marienk\u00e4fer-Allover-Print sind nicht nur ein modischer Hingucker, sondern auch ein kleiner Gl\u00fccksbringer f\u00fcr jeden Tag. Die liebevoll gestalteten Marienk\u00e4fer stehen traditionell f\u00fcr Gl\u00fcck und Schutz \u2013 und genau dieses Gef\u00fchl vermitteln die Socken bei jedem Tragen. Hergestellt aus einem weichen, elastischen Material, bieten sie dir h\u00f6chsten Komfort und schmiegen sich [&hellip;]<\/p>\n","protected":false},"featured_media":372,"template":"","meta":[],"product_cat":[],"product_tag":[],"class_list":{"0":"post-371","1":"product","2":"type-product","3":"status-publish","4":"has-post-thumbnail","7":"first","8":"instock","9":"taxable","10":"shipping-taxable","11":"purchasable","12":"product-type-simple"},"_links":{"self":[{"href":"https:\/\/actionmall.act.at\/shop\/2358\/wp-json\/wp\/v2\/product\/371"}],"collection":[{"href":"https:\/\/actionmall.act.at\/shop\/2358\/wp-json\/wp\/v2\/product"}],"about":[{"href":"https:\/\/actionmall.act.at\/shop\/2358\/wp-json\/wp\/v2\/types\/product"}],"wp:featuredmedia":[{"embeddable":true,"href":"https:\/\/actionmall.act.at\/shop\/2358\/wp-json\/wp\/v2\/media\/372"}],"wp:attachment":[{"href":"https:\/\/actionmall.act.at\/shop\/2358\/wp-json\/wp\/v2\/media?parent=371"}],"wp:term":[{"taxonomy":"product_cat","embeddable":true,"href":"https:\/\/actionmall.act.at\/shop\/2358\/wp-json\/wp\/v2\/product_cat?post=371"},{"taxonomy":"product_tag","embeddable":true,"href":"https:\/\/actionmall.act.at\/shop\/2358\/wp-json\/wp\/v2\/product_tag?post=371"}],"curies":[{"name":"wp","href":"https:\/\/api.w.org\/{rel}","templated":true}]}}