{"id":373,"date":"2025-12-09T10:50:39","date_gmt":"2025-12-09T09:50:39","guid":{"rendered":"https:\/\/actionmall.act.at\/shop\/2358\/?post_type=product&#038;p=373"},"modified":"2025-12-09T10:51:26","modified_gmt":"2025-12-09T09:51:26","slug":"weihnachtskugeln-sportbaelle","status":"publish","type":"product","link":"https:\/\/actionmall.act.at\/shop\/2358\/produkt\/weihnachtskugeln-sportbaelle\/","title":{"rendered":"Weihnachtskugeln &#8222;Sportb\u00e4lle&#8220;"},"content":{"rendered":"<p><span data-teams=\"true\">Diese au\u00dfergew\u00f6hnlichen Weihnachtskugeln bringen sportliche Energie direkt an den Weihnachtsbaum. Jedes Ornament ist detailreich im Stil beliebter Sportb\u00e4lle gestaltet \u2013 von Fu\u00dfball \u00fcber Basketball bis hin zu Baseball und Golf. Die hochwertige Verarbeitung sorgt f\u00fcr einen edlen Glanz und macht die Kugeln zu echten Hinguckern. Ideal f\u00fcr Sportfans, Vereine oder alle, die ihrer Weihnachtsdeko eine originelle und dynamische Note verleihen m\u00f6chten. Perfekt als Geschenk oder zum Selbstverwenden, um die Festtage mit einer Prise Teamgeist zu schm\u00fccken.<\/span><\/p>\n","protected":false},"excerpt":{"rendered":"<p>Diese au\u00dfergew\u00f6hnlichen Weihnachtskugeln bringen sportliche Energie direkt an den Weihnachtsbaum. Jedes Ornament ist detailreich im Stil beliebter Sportb\u00e4lle gestaltet \u2013 von Fu\u00dfball \u00fcber Basketball bis hin zu Baseball und Golf. Die hochwertige Verarbeitung sorgt f\u00fcr einen edlen Glanz und macht die Kugeln zu echten Hinguckern. Ideal f\u00fcr Sportfans, Vereine oder alle, die ihrer Weihnachtsdeko eine [&hellip;]<\/p>\n","protected":false},"featured_media":374,"template":"","meta":[],"product_cat":[],"product_tag":[],"class_list":{"0":"post-373","1":"product","2":"type-product","3":"status-publish","4":"has-post-thumbnail","7":"first","8":"instock","9":"taxable","10":"shipping-taxable","11":"purchasable","12":"product-type-simple"},"_links":{"self":[{"href":"https:\/\/actionmall.act.at\/shop\/2358\/wp-json\/wp\/v2\/product\/373"}],"collection":[{"href":"https:\/\/actionmall.act.at\/shop\/2358\/wp-json\/wp\/v2\/product"}],"about":[{"href":"https:\/\/actionmall.act.at\/shop\/2358\/wp-json\/wp\/v2\/types\/product"}],"wp:featuredmedia":[{"embeddable":true,"href":"https:\/\/actionmall.act.at\/shop\/2358\/wp-json\/wp\/v2\/media\/374"}],"wp:attachment":[{"href":"https:\/\/actionmall.act.at\/shop\/2358\/wp-json\/wp\/v2\/media?parent=373"}],"wp:term":[{"taxonomy":"product_cat","embeddable":true,"href":"https:\/\/actionmall.act.at\/shop\/2358\/wp-json\/wp\/v2\/product_cat?post=373"},{"taxonomy":"product_tag","embeddable":true,"href":"https:\/\/actionmall.act.at\/shop\/2358\/wp-json\/wp\/v2\/product_tag?post=373"}],"curies":[{"name":"wp","href":"https:\/\/api.w.org\/{rel}","templated":true}]}}