{"id":405,"date":"2026-01-27T08:52:05","date_gmt":"2026-01-27T07:52:05","guid":{"rendered":"https:\/\/actionmall.act.at\/shop\/2358\/?post_type=product&#038;p=405"},"modified":"2026-01-27T08:52:05","modified_gmt":"2026-01-27T07:52:05","slug":"fasching-schifahrerin","status":"publish","type":"product","link":"https:\/\/actionmall.act.at\/shop\/2358\/produkt\/fasching-schifahrerin\/","title":{"rendered":"Fasching &#8222;Schifahrerin&#8220;"},"content":{"rendered":"<p><strong data-start=\"87\" data-end=\"137\">Faschingskost\u00fcm \u201eSkifahrerin\u201c \/ Retro-Skianzug<\/strong><br data-start=\"137\" data-end=\"140\" \/>Stylisches Faschingskost\u00fcm im angesagten Retro-Ski-Look der 80er- und 90er-Jahre. Der einteilige Skianzug \u00fcberzeugt durch seine auff\u00e4llige Farbkombination in T\u00fcrkis, Lila und Apricot sowie den sportlichen Schnitt mit Rei\u00dfverschluss und G\u00fcrtel. Ideal f\u00fcr Fasching, Karneval, Mottopartys oder Apr\u00e8s-Ski-Events. Bequem zu tragen und ein echter Hingucker auf jeder Party.<\/p>\n","protected":false},"excerpt":{"rendered":"<p>Faschingskost\u00fcm \u201eSkifahrerin\u201c \/ Retro-SkianzugStylisches Faschingskost\u00fcm im angesagten Retro-Ski-Look der 80er- und 90er-Jahre. Der einteilige Skianzug \u00fcberzeugt durch seine auff\u00e4llige Farbkombination in T\u00fcrkis, Lila und Apricot sowie den sportlichen Schnitt mit Rei\u00dfverschluss und G\u00fcrtel. Ideal f\u00fcr Fasching, Karneval, Mottopartys oder Apr\u00e8s-Ski-Events. Bequem zu tragen und ein echter Hingucker auf jeder Party.<\/p>\n","protected":false},"featured_media":408,"template":"","meta":[],"product_cat":[],"product_tag":[],"class_list":{"0":"post-405","1":"product","2":"type-product","3":"status-publish","4":"has-post-thumbnail","7":"first","8":"instock","9":"taxable","10":"shipping-taxable","11":"purchasable","12":"product-type-simple"},"_links":{"self":[{"href":"https:\/\/actionmall.act.at\/shop\/2358\/wp-json\/wp\/v2\/product\/405"}],"collection":[{"href":"https:\/\/actionmall.act.at\/shop\/2358\/wp-json\/wp\/v2\/product"}],"about":[{"href":"https:\/\/actionmall.act.at\/shop\/2358\/wp-json\/wp\/v2\/types\/product"}],"wp:featuredmedia":[{"embeddable":true,"href":"https:\/\/actionmall.act.at\/shop\/2358\/wp-json\/wp\/v2\/media\/408"}],"wp:attachment":[{"href":"https:\/\/actionmall.act.at\/shop\/2358\/wp-json\/wp\/v2\/media?parent=405"}],"wp:term":[{"taxonomy":"product_cat","embeddable":true,"href":"https:\/\/actionmall.act.at\/shop\/2358\/wp-json\/wp\/v2\/product_cat?post=405"},{"taxonomy":"product_tag","embeddable":true,"href":"https:\/\/actionmall.act.at\/shop\/2358\/wp-json\/wp\/v2\/product_tag?post=405"}],"curies":[{"name":"wp","href":"https:\/\/api.w.org\/{rel}","templated":true}]}}