{"id":436,"date":"2026-01-27T17:03:32","date_gmt":"2026-01-27T16:03:32","guid":{"rendered":"https:\/\/actionmall.act.at\/shop\/2358\/?post_type=product&#038;p=436"},"modified":"2026-01-27T17:03:32","modified_gmt":"2026-01-27T16:03:32","slug":"fasching-fussballer","status":"publish","type":"product","link":"https:\/\/actionmall.act.at\/shop\/2358\/produkt\/fasching-fussballer\/","title":{"rendered":"Fasching &#8222;Fu\u00dfballer&#8220;"},"content":{"rendered":"<p><span data-teams=\"true\">Mit diesem Fu\u00dfballer-Kost\u00fcm wirst du zum Star auf jeder Faschingsparty! Das sportliche Outfit sorgt f\u00fcr echten Stadion-Vibe und ist perfekt f\u00fcr kleine und gro\u00dfe Fu\u00dfballfans. Bequem zu tragen und ideal zum Feiern, Tanzen und Jubeln<\/span><\/p>\n","protected":false},"excerpt":{"rendered":"<p><span data-teams=\"true\">Mit diesem Fu\u00dfballer-Kost\u00fcm wirst du zum Star auf jeder Faschingsparty! Das sportliche Outfit sorgt f\u00fcr echten Stadion-Vibe und ist perfekt f\u00fcr kleine und gro\u00dfe Fu\u00dfballfans. Bequem zu tragen und ideal zum Feiern, Tanzen und Jubeln<\/span><\/p>\n","protected":false},"featured_media":437,"template":"","meta":[],"product_cat":[],"product_tag":[],"class_list":{"0":"post-436","1":"product","2":"type-product","3":"status-publish","4":"has-post-thumbnail","7":"first","8":"instock","9":"taxable","10":"shipping-taxable","11":"purchasable","12":"product-type-simple"},"_links":{"self":[{"href":"https:\/\/actionmall.act.at\/shop\/2358\/wp-json\/wp\/v2\/product\/436"}],"collection":[{"href":"https:\/\/actionmall.act.at\/shop\/2358\/wp-json\/wp\/v2\/product"}],"about":[{"href":"https:\/\/actionmall.act.at\/shop\/2358\/wp-json\/wp\/v2\/types\/product"}],"wp:featuredmedia":[{"embeddable":true,"href":"https:\/\/actionmall.act.at\/shop\/2358\/wp-json\/wp\/v2\/media\/437"}],"wp:attachment":[{"href":"https:\/\/actionmall.act.at\/shop\/2358\/wp-json\/wp\/v2\/media?parent=436"}],"wp:term":[{"taxonomy":"product_cat","embeddable":true,"href":"https:\/\/actionmall.act.at\/shop\/2358\/wp-json\/wp\/v2\/product_cat?post=436"},{"taxonomy":"product_tag","embeddable":true,"href":"https:\/\/actionmall.act.at\/shop\/2358\/wp-json\/wp\/v2\/product_tag?post=436"}],"curies":[{"name":"wp","href":"https:\/\/api.w.org\/{rel}","templated":true}]}}