{"id":438,"date":"2026-01-27T18:11:16","date_gmt":"2026-01-27T17:11:16","guid":{"rendered":"https:\/\/actionmall.act.at\/shop\/2358\/?post_type=product&#038;p=438"},"modified":"2026-01-27T18:11:16","modified_gmt":"2026-01-27T17:11:16","slug":"fasching-rollergirl","status":"publish","type":"product","link":"https:\/\/actionmall.act.at\/shop\/2358\/produkt\/fasching-rollergirl\/","title":{"rendered":"Fasching &#8222;Rollergirl&#8220;"},"content":{"rendered":"<p>Dieses Rollergirl-Kost\u00fcm bringt Retro-Vibes und gute Laune auf jede Faschingsparty! Das farbenfrohe Outfit sorgt f\u00fcr einen coolen Auftritt und jede Menge Spa\u00df beim Feiern. Bequem, auff\u00e4llig und perfekt f\u00fcr alle, die gerne in Bewegung sind \u2013 let\u2019s roll!<\/p>\n","protected":false},"excerpt":{"rendered":"<p>Dieses Rollergirl-Kost\u00fcm bringt Retro-Vibes und gute Laune auf jede Faschingsparty! Das farbenfrohe Outfit sorgt f\u00fcr einen coolen Auftritt und jede Menge Spa\u00df beim Feiern. Bequem, auff\u00e4llig und perfekt f\u00fcr alle, die gerne in Bewegung sind \u2013 let\u2019s roll!<\/p>\n","protected":false},"featured_media":439,"template":"","meta":[],"product_cat":[],"product_tag":[],"class_list":{"0":"post-438","1":"product","2":"type-product","3":"status-publish","4":"has-post-thumbnail","7":"first","8":"instock","9":"taxable","10":"shipping-taxable","11":"purchasable","12":"product-type-simple"},"_links":{"self":[{"href":"https:\/\/actionmall.act.at\/shop\/2358\/wp-json\/wp\/v2\/product\/438"}],"collection":[{"href":"https:\/\/actionmall.act.at\/shop\/2358\/wp-json\/wp\/v2\/product"}],"about":[{"href":"https:\/\/actionmall.act.at\/shop\/2358\/wp-json\/wp\/v2\/types\/product"}],"wp:featuredmedia":[{"embeddable":true,"href":"https:\/\/actionmall.act.at\/shop\/2358\/wp-json\/wp\/v2\/media\/439"}],"wp:attachment":[{"href":"https:\/\/actionmall.act.at\/shop\/2358\/wp-json\/wp\/v2\/media?parent=438"}],"wp:term":[{"taxonomy":"product_cat","embeddable":true,"href":"https:\/\/actionmall.act.at\/shop\/2358\/wp-json\/wp\/v2\/product_cat?post=438"},{"taxonomy":"product_tag","embeddable":true,"href":"https:\/\/actionmall.act.at\/shop\/2358\/wp-json\/wp\/v2\/product_tag?post=438"}],"curies":[{"name":"wp","href":"https:\/\/api.w.org\/{rel}","templated":true}]}}