{"id":251,"date":"2024-10-18T12:23:41","date_gmt":"2024-10-18T10:23:41","guid":{"rendered":"https:\/\/actionmall.act.at\/shop\/244\/?post_type=product&#038;p=251"},"modified":"2024-11-08T13:04:23","modified_gmt":"2024-11-08T12:04:23","slug":"bartblumen","status":"publish","type":"product","link":"https:\/\/actionmall.act.at\/shop\/244\/en\/produkt\/bartblumen\/","title":{"rendered":"Bartblumen"},"content":{"rendered":"<p><em>Standort:<\/em> kiesig bis sandigen Boden im Beet<\/p>\n<p><em>Licht:<\/em> volle Sonne<\/p>\n<p><em>Bl\u00fcte:<\/em> Juli bis September<\/p>\n<p><em>Bew\u00e4sserung:<\/em> wenig Wasser<\/p>\n<p><em>D\u00fcngung:<\/em> alle 3 Wochen Universald\u00fcnger<\/p>\n<p><em>Gr\u00f6\u00dfe: <\/em>80 bis 100cm gro\u00df<\/p>\n","protected":false},"excerpt":{"rendered":"<p>Standort: kiesig bis sandigen Boden im Beet Licht: volle Sonne Bl\u00fcte: Juli bis September Bew\u00e4sserung: wenig Wasser D\u00fcngung: alle 3 Wochen Universald\u00fcnger Gr\u00f6\u00dfe: 80 bis 100cm gro\u00df<\/p>\n","protected":false},"featured_media":253,"template":"","meta":[],"product_cat":[],"product_tag":[],"class_list":{"0":"post-251","1":"product","2":"type-product","3":"status-publish","4":"has-post-thumbnail","7":"first","8":"instock","9":"taxable","10":"shipping-taxable","11":"purchasable","12":"product-type-simple"},"_links":{"self":[{"href":"https:\/\/actionmall.act.at\/shop\/244\/en\/wp-json\/wp\/v2\/product\/251"}],"collection":[{"href":"https:\/\/actionmall.act.at\/shop\/244\/en\/wp-json\/wp\/v2\/product"}],"about":[{"href":"https:\/\/actionmall.act.at\/shop\/244\/en\/wp-json\/wp\/v2\/types\/product"}],"wp:featuredmedia":[{"embeddable":true,"href":"https:\/\/actionmall.act.at\/shop\/244\/en\/wp-json\/wp\/v2\/media\/253"}],"wp:attachment":[{"href":"https:\/\/actionmall.act.at\/shop\/244\/en\/wp-json\/wp\/v2\/media?parent=251"}],"wp:term":[{"taxonomy":"product_cat","embeddable":true,"href":"https:\/\/actionmall.act.at\/shop\/244\/en\/wp-json\/wp\/v2\/product_cat?post=251"},{"taxonomy":"product_tag","embeddable":true,"href":"https:\/\/actionmall.act.at\/shop\/244\/en\/wp-json\/wp\/v2\/product_tag?post=251"}],"curies":[{"name":"wp","href":"https:\/\/api.w.org\/{rel}","templated":true}]}}