{"id":263,"date":"2024-10-18T12:48:29","date_gmt":"2024-10-18T10:48:29","guid":{"rendered":"https:\/\/actionmall.act.at\/shop\/244\/?post_type=product&#038;p=263"},"modified":"2024-11-08T11:36:44","modified_gmt":"2024-11-08T10:36:44","slug":"compo-blaukorn","status":"publish","type":"product","link":"https:\/\/actionmall.act.at\/shop\/244\/en\/produkt\/compo-blaukorn\/","title":{"rendered":"Compo Blaukorn"},"content":{"rendered":"<p>Wirkung: Sofortwirkung<\/p>\n<p>Geeignet f\u00fcr \u00f6kologischen Landbau: Nein<\/p>\n<p>Verpackungsart: Sonstige Verpackungen<\/p>\n<p>H\u00f6he: 34cm<\/p>\n<p>Breite: 19cm<\/p>\n<p>Tiefe:5cm<\/p>\n","protected":false},"excerpt":{"rendered":"<p>Wirkung: Sofortwirkung Geeignet f\u00fcr \u00f6kologischen Landbau: Nein Verpackungsart: Sonstige Verpackungen H\u00f6he: 34cm Breite: 19cm Tiefe:5cm<\/p>\n","protected":false},"featured_media":264,"template":"","meta":[],"product_cat":[],"product_tag":[],"class_list":{"0":"post-263","1":"product","2":"type-product","3":"status-publish","4":"has-post-thumbnail","7":"first","8":"instock","9":"taxable","10":"shipping-taxable","11":"purchasable","12":"product-type-simple"},"_links":{"self":[{"href":"https:\/\/actionmall.act.at\/shop\/244\/en\/wp-json\/wp\/v2\/product\/263"}],"collection":[{"href":"https:\/\/actionmall.act.at\/shop\/244\/en\/wp-json\/wp\/v2\/product"}],"about":[{"href":"https:\/\/actionmall.act.at\/shop\/244\/en\/wp-json\/wp\/v2\/types\/product"}],"wp:featuredmedia":[{"embeddable":true,"href":"https:\/\/actionmall.act.at\/shop\/244\/en\/wp-json\/wp\/v2\/media\/264"}],"wp:attachment":[{"href":"https:\/\/actionmall.act.at\/shop\/244\/en\/wp-json\/wp\/v2\/media?parent=263"}],"wp:term":[{"taxonomy":"product_cat","embeddable":true,"href":"https:\/\/actionmall.act.at\/shop\/244\/en\/wp-json\/wp\/v2\/product_cat?post=263"},{"taxonomy":"product_tag","embeddable":true,"href":"https:\/\/actionmall.act.at\/shop\/244\/en\/wp-json\/wp\/v2\/product_tag?post=263"}],"curies":[{"name":"wp","href":"https:\/\/api.w.org\/{rel}","templated":true}]}}