{"id":267,"date":"2024-10-18T12:57:25","date_gmt":"2024-10-18T10:57:25","guid":{"rendered":"https:\/\/actionmall.act.at\/shop\/244\/?post_type=product&#038;p=267"},"modified":"2024-11-08T13:11:22","modified_gmt":"2024-11-08T12:11:22","slug":"duftrosen","status":"publish","type":"product","link":"https:\/\/actionmall.act.at\/shop\/244\/en\/produkt\/duftrosen\/","title":{"rendered":"Duftrosen"},"content":{"rendered":"<p>Stark duftende Bl\u00fcten<\/p>\n<p>Erscheint von Juni bis Oktober<\/p>\n<p>Buschig, strauchartig<\/p>\n<p>Platz soll sonnig sein<\/p>\n<p>In einen durchl\u00e4ssigen, n\u00e4hrstoffreichen Boden pflanzen<\/p>\n<p>Regelm\u00e4\u00dfig gie\u00dfen, Erde zwischenzeitlich abtrocken lassen<\/p>\n<p>K\u00fcbel<\/p>\n<p>Schnitt<\/p>\n<p>Gruppenpflanzung<\/p>\n<p>Bauerngarten<\/p>\n","protected":false},"excerpt":{"rendered":"<p>Stark duftende Bl\u00fcten Erscheint von Juni bis Oktober Buschig, strauchartig Platz soll sonnig sein In einen durchl\u00e4ssigen, n\u00e4hrstoffreichen Boden pflanzen Regelm\u00e4\u00dfig gie\u00dfen, Erde zwischenzeitlich abtrocken lassen K\u00fcbel Schnitt Gruppenpflanzung Bauerngarten<\/p>\n","protected":false},"featured_media":268,"template":"","meta":[],"product_cat":[],"product_tag":[],"class_list":{"0":"post-267","1":"product","2":"type-product","3":"status-publish","4":"has-post-thumbnail","7":"first","8":"instock","9":"taxable","10":"shipping-taxable","11":"purchasable","12":"product-type-simple"},"_links":{"self":[{"href":"https:\/\/actionmall.act.at\/shop\/244\/en\/wp-json\/wp\/v2\/product\/267"}],"collection":[{"href":"https:\/\/actionmall.act.at\/shop\/244\/en\/wp-json\/wp\/v2\/product"}],"about":[{"href":"https:\/\/actionmall.act.at\/shop\/244\/en\/wp-json\/wp\/v2\/types\/product"}],"wp:featuredmedia":[{"embeddable":true,"href":"https:\/\/actionmall.act.at\/shop\/244\/en\/wp-json\/wp\/v2\/media\/268"}],"wp:attachment":[{"href":"https:\/\/actionmall.act.at\/shop\/244\/en\/wp-json\/wp\/v2\/media?parent=267"}],"wp:term":[{"taxonomy":"product_cat","embeddable":true,"href":"https:\/\/actionmall.act.at\/shop\/244\/en\/wp-json\/wp\/v2\/product_cat?post=267"},{"taxonomy":"product_tag","embeddable":true,"href":"https:\/\/actionmall.act.at\/shop\/244\/en\/wp-json\/wp\/v2\/product_tag?post=267"}],"curies":[{"name":"wp","href":"https:\/\/api.w.org\/{rel}","templated":true}]}}