{"id":275,"date":"2024-10-25T10:33:57","date_gmt":"2024-10-25T08:33:57","guid":{"rendered":"https:\/\/actionmall.act.at\/shop\/244\/?post_type=product&#038;p=275"},"modified":"2024-11-08T11:38:44","modified_gmt":"2024-11-08T10:38:44","slug":"giesskanne-loop","status":"publish","type":"product","link":"https:\/\/actionmall.act.at\/shop\/244\/en\/produkt\/giesskanne-loop\/","title":{"rendered":"Gie\u00dfkanne Loop"},"content":{"rendered":"<p>dynamischer Haltergriff<\/p>\n<p>schmale T\u00fclle f\u00fcr gezieltes Gie\u00dfen<\/p>\n<p>H\u00f6he: 23,5<\/p>\n<p>Breite: 11,0<\/p>\n<p>&nbsp;<\/p>\n<p>&nbsp;<\/p>\n","protected":false},"excerpt":{"rendered":"<p>dynamischer Haltergriff schmale T\u00fclle f\u00fcr gezieltes Gie\u00dfen H\u00f6he: 23,5 Breite: 11,0 &nbsp; &nbsp;<\/p>\n","protected":false},"featured_media":276,"template":"","meta":[],"product_cat":[],"product_tag":[],"class_list":{"0":"post-275","1":"product","2":"type-product","3":"status-publish","4":"has-post-thumbnail","7":"first","8":"instock","9":"taxable","10":"shipping-taxable","11":"purchasable","12":"product-type-simple"},"_links":{"self":[{"href":"https:\/\/actionmall.act.at\/shop\/244\/en\/wp-json\/wp\/v2\/product\/275"}],"collection":[{"href":"https:\/\/actionmall.act.at\/shop\/244\/en\/wp-json\/wp\/v2\/product"}],"about":[{"href":"https:\/\/actionmall.act.at\/shop\/244\/en\/wp-json\/wp\/v2\/types\/product"}],"wp:featuredmedia":[{"embeddable":true,"href":"https:\/\/actionmall.act.at\/shop\/244\/en\/wp-json\/wp\/v2\/media\/276"}],"wp:attachment":[{"href":"https:\/\/actionmall.act.at\/shop\/244\/en\/wp-json\/wp\/v2\/media?parent=275"}],"wp:term":[{"taxonomy":"product_cat","embeddable":true,"href":"https:\/\/actionmall.act.at\/shop\/244\/en\/wp-json\/wp\/v2\/product_cat?post=275"},{"taxonomy":"product_tag","embeddable":true,"href":"https:\/\/actionmall.act.at\/shop\/244\/en\/wp-json\/wp\/v2\/product_tag?post=275"}],"curies":[{"name":"wp","href":"https:\/\/api.w.org\/{rel}","templated":true}]}}