{"id":282,"date":"2024-10-25T11:22:36","date_gmt":"2024-10-25T09:22:36","guid":{"rendered":"https:\/\/actionmall.act.at\/shop\/244\/?post_type=product&#038;p=282"},"modified":"2024-11-08T13:10:39","modified_gmt":"2024-11-08T12:10:39","slug":"limone-danila","status":"publish","type":"product","link":"https:\/\/actionmall.act.at\/shop\/244\/en\/produkt\/limone-danila\/","title":{"rendered":"Zitronenbaum Limone Danila"},"content":{"rendered":"<p>Bl\u00fcte: September bis Mai<\/p>\n<p>D\u00fcngung: April bis Oktober<\/p>\n<p>Fruchtgr\u00f6\u00dfe: 9-13 cm<\/p>\n<p>Standort: sonnig, warm<\/p>\n","protected":false},"excerpt":{"rendered":"<p>Bl\u00fcte: September bis Mai D\u00fcngung: April bis Oktober Fruchtgr\u00f6\u00dfe: 9-13 cm Standort: sonnig, warm<\/p>\n","protected":false},"featured_media":283,"template":"","meta":[],"product_cat":[],"product_tag":[],"class_list":{"0":"post-282","1":"product","2":"type-product","3":"status-publish","4":"has-post-thumbnail","7":"first","8":"instock","9":"taxable","10":"shipping-taxable","11":"purchasable","12":"product-type-simple"},"_links":{"self":[{"href":"https:\/\/actionmall.act.at\/shop\/244\/en\/wp-json\/wp\/v2\/product\/282"}],"collection":[{"href":"https:\/\/actionmall.act.at\/shop\/244\/en\/wp-json\/wp\/v2\/product"}],"about":[{"href":"https:\/\/actionmall.act.at\/shop\/244\/en\/wp-json\/wp\/v2\/types\/product"}],"wp:featuredmedia":[{"embeddable":true,"href":"https:\/\/actionmall.act.at\/shop\/244\/en\/wp-json\/wp\/v2\/media\/283"}],"wp:attachment":[{"href":"https:\/\/actionmall.act.at\/shop\/244\/en\/wp-json\/wp\/v2\/media?parent=282"}],"wp:term":[{"taxonomy":"product_cat","embeddable":true,"href":"https:\/\/actionmall.act.at\/shop\/244\/en\/wp-json\/wp\/v2\/product_cat?post=282"},{"taxonomy":"product_tag","embeddable":true,"href":"https:\/\/actionmall.act.at\/shop\/244\/en\/wp-json\/wp\/v2\/product_tag?post=282"}],"curies":[{"name":"wp","href":"https:\/\/api.w.org\/{rel}","templated":true}]}}