{"id":307,"date":"2024-11-08T12:43:59","date_gmt":"2024-11-08T11:43:59","guid":{"rendered":"https:\/\/actionmall.act.at\/shop\/244\/?post_type=product&#038;p=307"},"modified":"2024-11-08T12:44:00","modified_gmt":"2024-11-08T11:44:00","slug":"uebertopf-vanilla-cream","status":"publish","type":"product","link":"https:\/\/actionmall.act.at\/shop\/244\/en\/produkt\/uebertopf-vanilla-cream\/","title":{"rendered":"\u00dcbertopf Vanilla Cream"},"content":{"rendered":"<ul>\n<li>Aus Keramik<\/li>\n<li>Zeichnet sich durch seine optimale Passgenauigkeit und Wasserdichte aus<\/li>\n<li>Ideal geeignet f\u00fcr den Innenbereich<\/li>\n<li>Reizvolle Kratzoptik<\/li>\n<\/ul>\n<ul>\n<li>Farbe: Beige<\/li>\n<\/ul>\n<ul>\n<li>Ausf\u00fchrung: 19 cm<\/li>\n<li>Gewicht: 1,01 kg<\/li>\n<li>H\u00f6he 17,5 cm<\/li>\n<li>Breite: 19,0 cm<\/li>\n<li>Tiefe: 19,0 cm<\/li>\n<\/ul>\n","protected":false},"excerpt":{"rendered":"<p>Aus Keramik Zeichnet sich durch seine optimale Passgenauigkeit und Wasserdichte aus Ideal geeignet f\u00fcr den Innenbereich Reizvolle Kratzoptik Farbe: Beige Ausf\u00fchrung: 19 cm Gewicht: 1,01 kg H\u00f6he 17,5 cm Breite: 19,0 cm Tiefe: 19,0 cm<\/p>\n","protected":false},"featured_media":308,"template":"","meta":[],"product_cat":[],"product_tag":[],"class_list":{"0":"post-307","1":"product","2":"type-product","3":"status-publish","4":"has-post-thumbnail","7":"first","8":"instock","9":"taxable","10":"shipping-taxable","11":"purchasable","12":"product-type-simple"},"_links":{"self":[{"href":"https:\/\/actionmall.act.at\/shop\/244\/en\/wp-json\/wp\/v2\/product\/307"}],"collection":[{"href":"https:\/\/actionmall.act.at\/shop\/244\/en\/wp-json\/wp\/v2\/product"}],"about":[{"href":"https:\/\/actionmall.act.at\/shop\/244\/en\/wp-json\/wp\/v2\/types\/product"}],"wp:featuredmedia":[{"embeddable":true,"href":"https:\/\/actionmall.act.at\/shop\/244\/en\/wp-json\/wp\/v2\/media\/308"}],"wp:attachment":[{"href":"https:\/\/actionmall.act.at\/shop\/244\/en\/wp-json\/wp\/v2\/media?parent=307"}],"wp:term":[{"taxonomy":"product_cat","embeddable":true,"href":"https:\/\/actionmall.act.at\/shop\/244\/en\/wp-json\/wp\/v2\/product_cat?post=307"},{"taxonomy":"product_tag","embeddable":true,"href":"https:\/\/actionmall.act.at\/shop\/244\/en\/wp-json\/wp\/v2\/product_tag?post=307"}],"curies":[{"name":"wp","href":"https:\/\/api.w.org\/{rel}","templated":true}]}}