{"id":311,"date":"2024-11-08T12:47:48","date_gmt":"2024-11-08T11:47:48","guid":{"rendered":"https:\/\/actionmall.act.at\/shop\/244\/?post_type=product&#038;p=311"},"modified":"2024-11-08T12:47:48","modified_gmt":"2024-11-08T11:47:48","slug":"seramis","status":"publish","type":"product","link":"https:\/\/actionmall.act.at\/shop\/244\/en\/produkt\/seramis\/","title":{"rendered":"Seramis"},"content":{"rendered":"<table style=\"height: 148px\" width=\"676\">\n<tbody>\n<tr>\n<td width=\"173\"><strong>Packungsinhalt:<\/strong><\/td>\n<td width=\"265\">7,5<\/td>\n<\/tr>\n<tr>\n<td width=\"173\"><strong>Geeignet f\u00fcr \u00f6kologischen Landbau:<\/strong><\/td>\n<td width=\"265\">Nicht f\u00fcr \u00f6kologischen Landbau geeignet<\/td>\n<\/tr>\n<tr>\n<td width=\"173\"><strong>Verpackungsart:<\/strong><\/td>\n<td width=\"265\">Beutel<\/td>\n<\/tr>\n<tr>\n<td width=\"173\"><strong>K\u00f6rnung:<\/strong><\/td>\n<td width=\"265\">Fein (bis 20mm)<\/td>\n<\/tr>\n<\/tbody>\n<\/table>\n","protected":false},"excerpt":{"rendered":"<p>Packungsinhalt: 7,5 Geeignet f\u00fcr \u00f6kologischen Landbau: Nicht f\u00fcr \u00f6kologischen Landbau geeignet Verpackungsart: Beutel K\u00f6rnung: Fein (bis 20mm)<\/p>\n","protected":false},"featured_media":312,"template":"","meta":[],"product_cat":[],"product_tag":[],"class_list":{"0":"post-311","1":"product","2":"type-product","3":"status-publish","4":"has-post-thumbnail","7":"first","8":"instock","9":"taxable","10":"shipping-taxable","11":"purchasable","12":"product-type-simple"},"_links":{"self":[{"href":"https:\/\/actionmall.act.at\/shop\/244\/en\/wp-json\/wp\/v2\/product\/311"}],"collection":[{"href":"https:\/\/actionmall.act.at\/shop\/244\/en\/wp-json\/wp\/v2\/product"}],"about":[{"href":"https:\/\/actionmall.act.at\/shop\/244\/en\/wp-json\/wp\/v2\/types\/product"}],"wp:featuredmedia":[{"embeddable":true,"href":"https:\/\/actionmall.act.at\/shop\/244\/en\/wp-json\/wp\/v2\/media\/312"}],"wp:attachment":[{"href":"https:\/\/actionmall.act.at\/shop\/244\/en\/wp-json\/wp\/v2\/media?parent=311"}],"wp:term":[{"taxonomy":"product_cat","embeddable":true,"href":"https:\/\/actionmall.act.at\/shop\/244\/en\/wp-json\/wp\/v2\/product_cat?post=311"},{"taxonomy":"product_tag","embeddable":true,"href":"https:\/\/actionmall.act.at\/shop\/244\/en\/wp-json\/wp\/v2\/product_tag?post=311"}],"curies":[{"name":"wp","href":"https:\/\/api.w.org\/{rel}","templated":true}]}}