{"id":326,"date":"2025-03-21T10:42:58","date_gmt":"2025-03-21T09:42:58","guid":{"rendered":"https:\/\/actionmall.act.at\/shop\/244\/?post_type=product&#038;p=326"},"modified":"2025-03-21T10:46:21","modified_gmt":"2025-03-21T09:46:21","slug":"saatgut-tulpen-mischung","status":"publish","type":"product","link":"https:\/\/actionmall.act.at\/shop\/244\/en\/produkt\/saatgut-tulpen-mischung\/","title":{"rendered":"Saatgut Tulpen Mischung"},"content":{"rendered":"<p>Diese farbenfrohe <strong>Tulpen Mischung<\/strong> bringt lebendige Farben in Ihren Garten. Die Mischung aus 30 hochwertigen Blumenzwiebeln sorgt f\u00fcr eine langanhaltende Bl\u00fcte im Fr\u00fchling. Ideal f\u00fcr Beete, Rabatten und K\u00fcbel. Winterhart, pflegeleicht und perfekt f\u00fcr einen farbenfrohen Fr\u00fchlingsgarten.<\/p>\n","protected":false},"excerpt":{"rendered":"<p>Diese farbenfrohe Tulpen Mischung bringt lebendige Farben in Ihren Garten. Die Mischung aus 30 hochwertigen Blumenzwiebeln sorgt f\u00fcr eine langanhaltende Bl\u00fcte im Fr\u00fchling. Ideal f\u00fcr Beete, Rabatten und K\u00fcbel. Winterhart, pflegeleicht und perfekt f\u00fcr einen farbenfrohen Fr\u00fchlingsgarten.<\/p>\n","protected":false},"featured_media":327,"template":"","meta":[],"product_cat":[],"product_tag":[],"class_list":{"0":"post-326","1":"product","2":"type-product","3":"status-publish","4":"has-post-thumbnail","7":"first","8":"instock","9":"taxable","10":"shipping-taxable","11":"purchasable","12":"product-type-simple"},"_links":{"self":[{"href":"https:\/\/actionmall.act.at\/shop\/244\/en\/wp-json\/wp\/v2\/product\/326"}],"collection":[{"href":"https:\/\/actionmall.act.at\/shop\/244\/en\/wp-json\/wp\/v2\/product"}],"about":[{"href":"https:\/\/actionmall.act.at\/shop\/244\/en\/wp-json\/wp\/v2\/types\/product"}],"wp:featuredmedia":[{"embeddable":true,"href":"https:\/\/actionmall.act.at\/shop\/244\/en\/wp-json\/wp\/v2\/media\/327"}],"wp:attachment":[{"href":"https:\/\/actionmall.act.at\/shop\/244\/en\/wp-json\/wp\/v2\/media?parent=326"}],"wp:term":[{"taxonomy":"product_cat","embeddable":true,"href":"https:\/\/actionmall.act.at\/shop\/244\/en\/wp-json\/wp\/v2\/product_cat?post=326"},{"taxonomy":"product_tag","embeddable":true,"href":"https:\/\/actionmall.act.at\/shop\/244\/en\/wp-json\/wp\/v2\/product_tag?post=326"}],"curies":[{"name":"wp","href":"https:\/\/api.w.org\/{rel}","templated":true}]}}