{"id":332,"date":"2025-03-21T10:48:21","date_gmt":"2025-03-21T09:48:21","guid":{"rendered":"https:\/\/actionmall.act.at\/shop\/244\/?post_type=product&#038;p=332"},"modified":"2025-03-21T10:48:22","modified_gmt":"2025-03-21T09:48:22","slug":"komposter-thermo","status":"publish","type":"product","link":"https:\/\/actionmall.act.at\/shop\/244\/en\/produkt\/komposter-thermo\/","title":{"rendered":"Komposter-Thermo"},"content":{"rendered":"<p>Der Komposter-Thermo ist ein robuster und effizienter Komposter mit Thermo-Wand-Technologie f\u00fcr eine schnellere Zersetzung organischer Abf\u00e4lle. Dank optimaler Bel\u00fcftung und praktischer Entnahmeklappen erm\u00f6glicht er eine geruchsarme, umweltfreundliche Kompostierung. Wetterfest, langlebig und aus recycelbarem Kunststoff \u2013 ideal f\u00fcr nachhaltige Gartenpflege.<\/p>\n","protected":false},"excerpt":{"rendered":"<p>Der Komposter-Thermo ist ein robuster und effizienter Komposter mit Thermo-Wand-Technologie f\u00fcr eine schnellere Zersetzung organischer Abf\u00e4lle. Dank optimaler Bel\u00fcftung und praktischer Entnahmeklappen erm\u00f6glicht er eine geruchsarme, umweltfreundliche Kompostierung. Wetterfest, langlebig und aus recycelbarem Kunststoff \u2013 ideal f\u00fcr nachhaltige Gartenpflege.<\/p>\n","protected":false},"featured_media":333,"template":"","meta":[],"product_cat":[],"product_tag":[],"class_list":{"0":"post-332","1":"product","2":"type-product","3":"status-publish","4":"has-post-thumbnail","7":"first","8":"instock","9":"taxable","10":"shipping-taxable","11":"purchasable","12":"product-type-simple"},"_links":{"self":[{"href":"https:\/\/actionmall.act.at\/shop\/244\/en\/wp-json\/wp\/v2\/product\/332"}],"collection":[{"href":"https:\/\/actionmall.act.at\/shop\/244\/en\/wp-json\/wp\/v2\/product"}],"about":[{"href":"https:\/\/actionmall.act.at\/shop\/244\/en\/wp-json\/wp\/v2\/types\/product"}],"wp:featuredmedia":[{"embeddable":true,"href":"https:\/\/actionmall.act.at\/shop\/244\/en\/wp-json\/wp\/v2\/media\/333"}],"wp:attachment":[{"href":"https:\/\/actionmall.act.at\/shop\/244\/en\/wp-json\/wp\/v2\/media?parent=332"}],"wp:term":[{"taxonomy":"product_cat","embeddable":true,"href":"https:\/\/actionmall.act.at\/shop\/244\/en\/wp-json\/wp\/v2\/product_cat?post=332"},{"taxonomy":"product_tag","embeddable":true,"href":"https:\/\/actionmall.act.at\/shop\/244\/en\/wp-json\/wp\/v2\/product_tag?post=332"}],"curies":[{"name":"wp","href":"https:\/\/api.w.org\/{rel}","templated":true}]}}