{"id":336,"date":"2025-03-21T10:50:03","date_gmt":"2025-03-21T09:50:03","guid":{"rendered":"https:\/\/actionmall.act.at\/shop\/244\/?post_type=product&#038;p=336"},"modified":"2025-03-21T11:02:50","modified_gmt":"2025-03-21T10:02:50","slug":"bio-saatgut-ringelblume","status":"publish","type":"product","link":"https:\/\/actionmall.act.at\/shop\/244\/en\/produkt\/bio-saatgut-ringelblume\/","title":{"rendered":"Bio Saatgut Ringelblume"},"content":{"rendered":"<p>Die <strong>Ringelblume<\/strong> ist eine robuste, pflegeleichte Blume mit leuchtend orange-gelben Bl\u00fcten. Sie eignet sich ideal f\u00fcr Beete, Balkone und Naturg\u00e4rten. Als wertvolle Bienenweide und Heilpflanze ist sie vielseitig einsetzbar. Das <strong>Bio-Saatgut<\/strong> garantiert eine nachhaltige und umweltfreundliche Anzucht.<\/p>\n","protected":false},"excerpt":{"rendered":"<p>Die Ringelblume ist eine robuste, pflegeleichte Blume mit leuchtend orange-gelben Bl\u00fcten. Sie eignet sich ideal f\u00fcr Beete, Balkone und Naturg\u00e4rten. Als wertvolle Bienenweide und Heilpflanze ist sie vielseitig einsetzbar. Das Bio-Saatgut garantiert eine nachhaltige und umweltfreundliche Anzucht.<\/p>\n","protected":false},"featured_media":337,"template":"","meta":[],"product_cat":[],"product_tag":[],"class_list":{"0":"post-336","1":"product","2":"type-product","3":"status-publish","4":"has-post-thumbnail","7":"first","8":"instock","9":"taxable","10":"shipping-taxable","11":"purchasable","12":"product-type-simple"},"_links":{"self":[{"href":"https:\/\/actionmall.act.at\/shop\/244\/en\/wp-json\/wp\/v2\/product\/336"}],"collection":[{"href":"https:\/\/actionmall.act.at\/shop\/244\/en\/wp-json\/wp\/v2\/product"}],"about":[{"href":"https:\/\/actionmall.act.at\/shop\/244\/en\/wp-json\/wp\/v2\/types\/product"}],"wp:featuredmedia":[{"embeddable":true,"href":"https:\/\/actionmall.act.at\/shop\/244\/en\/wp-json\/wp\/v2\/media\/337"}],"wp:attachment":[{"href":"https:\/\/actionmall.act.at\/shop\/244\/en\/wp-json\/wp\/v2\/media?parent=336"}],"wp:term":[{"taxonomy":"product_cat","embeddable":true,"href":"https:\/\/actionmall.act.at\/shop\/244\/en\/wp-json\/wp\/v2\/product_cat?post=336"},{"taxonomy":"product_tag","embeddable":true,"href":"https:\/\/actionmall.act.at\/shop\/244\/en\/wp-json\/wp\/v2\/product_tag?post=336"}],"curies":[{"name":"wp","href":"https:\/\/api.w.org\/{rel}","templated":true}]}}