{"id":273,"date":"2024-10-25T10:19:31","date_gmt":"2024-10-25T08:19:31","guid":{"rendered":"https:\/\/actionmall.act.at\/shop\/244\/?post_type=product&#038;p=273"},"modified":"2024-11-08T13:12:01","modified_gmt":"2024-11-08T12:12:01","slug":"feige","status":"publish","type":"product","link":"https:\/\/actionmall.act.at\/shop\/244\/produkt\/feige\/","title":{"rendered":"Feige"},"content":{"rendered":"<p><strong>Bl\u00fcte:<\/strong> M\u00e4rz bis September<\/p>\n<p><strong>D\u00fcngung:<\/strong> einmal w\u00f6chentlich<\/p>\n<p><strong>Pflanzengr\u00f6\u00dfe:<\/strong> 2-3 m<\/p>\n<p><strong>Pflanzenbreite:<\/strong> 2-3 m<\/p>\n<p><strong>Standort:<\/strong> sonnig, gesch\u00fctzt<\/p>\n","protected":false},"excerpt":{"rendered":"<p>Bl\u00fcte: M\u00e4rz bis September D\u00fcngung: einmal w\u00f6chentlich Pflanzengr\u00f6\u00dfe: 2-3 m Pflanzenbreite: 2-3 m Standort: sonnig, gesch\u00fctzt<\/p>\n","protected":false},"featured_media":274,"template":"","meta":[],"product_cat":[],"product_tag":[],"class_list":{"0":"post-273","1":"product","2":"type-product","3":"status-publish","4":"has-post-thumbnail","7":"first","8":"instock","9":"taxable","10":"shipping-taxable","11":"purchasable","12":"product-type-simple"},"_links":{"self":[{"href":"https:\/\/actionmall.act.at\/shop\/244\/wp-json\/wp\/v2\/product\/273"}],"collection":[{"href":"https:\/\/actionmall.act.at\/shop\/244\/wp-json\/wp\/v2\/product"}],"about":[{"href":"https:\/\/actionmall.act.at\/shop\/244\/wp-json\/wp\/v2\/types\/product"}],"wp:featuredmedia":[{"embeddable":true,"href":"https:\/\/actionmall.act.at\/shop\/244\/wp-json\/wp\/v2\/media\/274"}],"wp:attachment":[{"href":"https:\/\/actionmall.act.at\/shop\/244\/wp-json\/wp\/v2\/media?parent=273"}],"wp:term":[{"taxonomy":"product_cat","embeddable":true,"href":"https:\/\/actionmall.act.at\/shop\/244\/wp-json\/wp\/v2\/product_cat?post=273"},{"taxonomy":"product_tag","embeddable":true,"href":"https:\/\/actionmall.act.at\/shop\/244\/wp-json\/wp\/v2\/product_tag?post=273"}],"curies":[{"name":"wp","href":"https:\/\/api.w.org\/{rel}","templated":true}]}}