{"id":279,"date":"2024-10-25T10:57:49","date_gmt":"2024-10-25T08:57:49","guid":{"rendered":"https:\/\/actionmall.act.at\/shop\/244\/?post_type=product&#038;p=279"},"modified":"2024-11-08T13:09:44","modified_gmt":"2024-11-08T12:09:44","slug":"hornveilchen","status":"publish","type":"product","link":"https:\/\/actionmall.act.at\/shop\/244\/produkt\/hornveilchen\/","title":{"rendered":"Hornveilchen"},"content":{"rendered":"<p>Standort: sonnig bis halbschattig<\/p>\n<p>Boden: locker<\/p>\n<p>K\u00fcbelhaltung sehr gut geeignet<\/p>\n<p>regelm\u00e4\u00dfig gie\u00dfen<\/p>\n<p>&nbsp;<\/p>\n<p>&nbsp;<\/p>\n","protected":false},"excerpt":{"rendered":"<p>Standort: sonnig bis halbschattig Boden: locker K\u00fcbelhaltung sehr gut geeignet regelm\u00e4\u00dfig gie\u00dfen &nbsp; &nbsp;<\/p>\n","protected":false},"featured_media":280,"template":"","meta":[],"product_cat":[],"product_tag":[],"class_list":{"0":"post-279","1":"product","2":"type-product","3":"status-publish","4":"has-post-thumbnail","7":"first","8":"instock","9":"taxable","10":"shipping-taxable","11":"purchasable","12":"product-type-simple"},"_links":{"self":[{"href":"https:\/\/actionmall.act.at\/shop\/244\/wp-json\/wp\/v2\/product\/279"}],"collection":[{"href":"https:\/\/actionmall.act.at\/shop\/244\/wp-json\/wp\/v2\/product"}],"about":[{"href":"https:\/\/actionmall.act.at\/shop\/244\/wp-json\/wp\/v2\/types\/product"}],"wp:featuredmedia":[{"embeddable":true,"href":"https:\/\/actionmall.act.at\/shop\/244\/wp-json\/wp\/v2\/media\/280"}],"wp:attachment":[{"href":"https:\/\/actionmall.act.at\/shop\/244\/wp-json\/wp\/v2\/media?parent=279"}],"wp:term":[{"taxonomy":"product_cat","embeddable":true,"href":"https:\/\/actionmall.act.at\/shop\/244\/wp-json\/wp\/v2\/product_cat?post=279"},{"taxonomy":"product_tag","embeddable":true,"href":"https:\/\/actionmall.act.at\/shop\/244\/wp-json\/wp\/v2\/product_tag?post=279"}],"curies":[{"name":"wp","href":"https:\/\/api.w.org\/{rel}","templated":true}]}}