{"id":323,"date":"2025-03-21T10:38:37","date_gmt":"2025-03-21T09:38:37","guid":{"rendered":"https:\/\/actionmall.act.at\/shop\/244\/?post_type=product&#038;p=323"},"modified":"2025-03-21T11:01:31","modified_gmt":"2025-03-21T10:01:31","slug":"stiefmuetterchien","status":"publish","type":"product","link":"https:\/\/actionmall.act.at\/shop\/244\/produkt\/stiefmuetterchien\/","title":{"rendered":"Stiefm\u00fctterchien"},"content":{"rendered":"<p>Die <strong>Stiefm\u00fctterchen<\/strong> begeistern mit ihren leuchtenden, vielschichtigen Bl\u00fcten in Gelb, Blau und Violett. Sie sind pflegeleicht, frostbest\u00e4ndig und ideal f\u00fcr Beete, Balkonk\u00e4sten und K\u00fcbel. Dank ihrer langen Bl\u00fctezeit bringen sie Farbe in den Garten von Fr\u00fchling bis Herbst<\/p>\n","protected":false},"excerpt":{"rendered":"<p>Die Stiefm\u00fctterchen begeistern mit ihren leuchtenden, vielschichtigen Bl\u00fcten in Gelb, Blau und Violett. Sie sind pflegeleicht, frostbest\u00e4ndig und ideal f\u00fcr Beete, Balkonk\u00e4sten und K\u00fcbel. Dank ihrer langen Bl\u00fctezeit bringen sie Farbe in den Garten von Fr\u00fchling bis Herbst<\/p>\n","protected":false},"featured_media":325,"template":"","meta":[],"product_cat":[],"product_tag":[],"class_list":{"0":"post-323","1":"product","2":"type-product","3":"status-publish","4":"has-post-thumbnail","7":"first","8":"instock","9":"taxable","10":"shipping-taxable","11":"purchasable","12":"product-type-simple"},"_links":{"self":[{"href":"https:\/\/actionmall.act.at\/shop\/244\/wp-json\/wp\/v2\/product\/323"}],"collection":[{"href":"https:\/\/actionmall.act.at\/shop\/244\/wp-json\/wp\/v2\/product"}],"about":[{"href":"https:\/\/actionmall.act.at\/shop\/244\/wp-json\/wp\/v2\/types\/product"}],"wp:featuredmedia":[{"embeddable":true,"href":"https:\/\/actionmall.act.at\/shop\/244\/wp-json\/wp\/v2\/media\/325"}],"wp:attachment":[{"href":"https:\/\/actionmall.act.at\/shop\/244\/wp-json\/wp\/v2\/media?parent=323"}],"wp:term":[{"taxonomy":"product_cat","embeddable":true,"href":"https:\/\/actionmall.act.at\/shop\/244\/wp-json\/wp\/v2\/product_cat?post=323"},{"taxonomy":"product_tag","embeddable":true,"href":"https:\/\/actionmall.act.at\/shop\/244\/wp-json\/wp\/v2\/product_tag?post=323"}],"curies":[{"name":"wp","href":"https:\/\/api.w.org\/{rel}","templated":true}]}}