{"id":256,"date":"2024-11-20T08:00:47","date_gmt":"2024-11-20T07:00:47","guid":{"rendered":"https:\/\/actionmall.act.at\/shop\/246\/?post_type=product&#038;p=256"},"modified":"2026-02-13T12:17:45","modified_gmt":"2026-02-13T11:17:45","slug":"dc52-animal-turbine","status":"publish","type":"product","link":"https:\/\/actionmall.act.at\/shop\/246\/en\/produkt\/dc52-animal-turbine\/","title":{"rendered":"DC52 Animal Turbine"},"content":{"rendered":"<p>Technologie: Dyson Cinetic Technologie<br \/>\nSaugleistung: 290 Watt (konstant)<br \/>\nBeh\u00e4lterkapazit\u00e4t: 2 Liter<br \/>\nKabell\u00e4nge: 6,5 Meter<br \/>\nGewicht: 7,8 kg<br \/>\nBodend\u00fcse: Turbinend\u00fcse mit Carbonfaser Flexible Parkettd\u00fcse<\/p>\n","protected":false},"excerpt":{"rendered":"<p>Technologie: Dyson Cinetic Technologie Saugleistung: 290 Watt (konstant) Beh\u00e4lterkapazit\u00e4t: 2 Liter Kabell\u00e4nge: 6,5 Meter Gewicht: 7,8 kg Bodend\u00fcse: Turbinend\u00fcse mit Carbonfaser Flexible Parkettd\u00fcse<\/p>\n","protected":false},"featured_media":556,"template":"","meta":[],"product_cat":[],"product_tag":[],"class_list":{"0":"post-256","1":"product","2":"type-product","3":"status-publish","4":"has-post-thumbnail","7":"first","8":"instock","9":"taxable","10":"shipping-taxable","11":"purchasable","12":"product-type-simple"},"_links":{"self":[{"href":"https:\/\/actionmall.act.at\/shop\/246\/en\/wp-json\/wp\/v2\/product\/256"}],"collection":[{"href":"https:\/\/actionmall.act.at\/shop\/246\/en\/wp-json\/wp\/v2\/product"}],"about":[{"href":"https:\/\/actionmall.act.at\/shop\/246\/en\/wp-json\/wp\/v2\/types\/product"}],"wp:featuredmedia":[{"embeddable":true,"href":"https:\/\/actionmall.act.at\/shop\/246\/en\/wp-json\/wp\/v2\/media\/556"}],"wp:attachment":[{"href":"https:\/\/actionmall.act.at\/shop\/246\/en\/wp-json\/wp\/v2\/media?parent=256"}],"wp:term":[{"taxonomy":"product_cat","embeddable":true,"href":"https:\/\/actionmall.act.at\/shop\/246\/en\/wp-json\/wp\/v2\/product_cat?post=256"},{"taxonomy":"product_tag","embeddable":true,"href":"https:\/\/actionmall.act.at\/shop\/246\/en\/wp-json\/wp\/v2\/product_tag?post=256"}],"curies":[{"name":"wp","href":"https:\/\/api.w.org\/{rel}","templated":true}]}}