{"id":296,"date":"2024-11-20T08:00:55","date_gmt":"2024-11-20T07:00:55","guid":{"rendered":"https:\/\/actionmall.act.at\/shop\/246\/?post_type=product&#038;p=296"},"modified":"2026-02-13T12:10:28","modified_gmt":"2026-02-13T11:10:28","slug":"apple-iphone-xs-128-gb","status":"publish","type":"product","link":"https:\/\/actionmall.act.at\/shop\/246\/en\/produkt\/apple-iphone-xs-128-gb\/","title":{"rendered":"Apple IPhone XS 128 GB"},"content":{"rendered":"<p>Gr\u00f6\u00dfe: 143,6&#215;70,9&#215;7,7<br \/>\nKameraaufl\u00f6sung: 12+12 Megapixel<br \/>\nSpeicher: 128 GB<\/p>\n","protected":false},"excerpt":{"rendered":"<p>Gr\u00f6\u00dfe: 143,6&#215;70,9&#215;7,7 Kameraaufl\u00f6sung: 12+12 Megapixel Speicher: 128 GB<\/p>\n","protected":false},"featured_media":549,"template":"","meta":[],"product_cat":[],"product_tag":[],"class_list":{"0":"post-296","1":"product","2":"type-product","3":"status-publish","4":"has-post-thumbnail","7":"first","8":"instock","9":"taxable","10":"shipping-taxable","11":"purchasable","12":"product-type-simple"},"_links":{"self":[{"href":"https:\/\/actionmall.act.at\/shop\/246\/en\/wp-json\/wp\/v2\/product\/296"}],"collection":[{"href":"https:\/\/actionmall.act.at\/shop\/246\/en\/wp-json\/wp\/v2\/product"}],"about":[{"href":"https:\/\/actionmall.act.at\/shop\/246\/en\/wp-json\/wp\/v2\/types\/product"}],"wp:featuredmedia":[{"embeddable":true,"href":"https:\/\/actionmall.act.at\/shop\/246\/en\/wp-json\/wp\/v2\/media\/549"}],"wp:attachment":[{"href":"https:\/\/actionmall.act.at\/shop\/246\/en\/wp-json\/wp\/v2\/media?parent=296"}],"wp:term":[{"taxonomy":"product_cat","embeddable":true,"href":"https:\/\/actionmall.act.at\/shop\/246\/en\/wp-json\/wp\/v2\/product_cat?post=296"},{"taxonomy":"product_tag","embeddable":true,"href":"https:\/\/actionmall.act.at\/shop\/246\/en\/wp-json\/wp\/v2\/product_tag?post=296"}],"curies":[{"name":"wp","href":"https:\/\/api.w.org\/{rel}","templated":true}]}}