{"id":12,"date":"2022-08-08T19:50:29","date_gmt":"2022-08-08T17:50:29","guid":{"rendered":"https:\/\/actionmall.act.at\/shop\/master\/\/data-security\/"},"modified":"2024-09-03T17:39:13","modified_gmt":"2024-09-03T15:39:13","slug":"datenschutz","status":"publish","type":"page","link":"https:\/\/actionmall.act.at\/shop\/246\/datenschutz\/","title":{"rendered":"Datenschutzerkl\u00e4rung"},"content":{"rendered":"\n<p>Der Schutz Ihrer pers\u00f6nlichen Daten ist uns ein besonderes Anliegen. Wir verarbeiten Ihre Daten daher ausschlie\u00dflich auf Grundlage der gesetzlichen Bestimmungen (DSGVO, TKG 2003). In diesen Datenschutzinformationen informieren wir Sie \u00fcber die wichtigsten Aspekte der Datenverarbeitung im Rahmen unserer Website.<\/p>\n\n\n\n<p>Verantwortlich f\u00fcr die Erhebung und Nutzung Ihrer Daten:<\/p>\n\n\n\n<p><strong>TOOLINO Warenhandels GmbH<\/strong><br>Schillergasse 10<br>2620 Neunkirchen<br>toolino246@uebungsfirmen.at<\/p>\n\n\n\n<p><strong>Welche Daten werden erhoben und zu welchem Zweck werden diese verwendet?<\/strong><br>Es werden personenbezogene Daten wie z.B. ihr Name, ihre Adresse, ihre Telefonnummer, ihre E-Mail Adresse sowie Ihre IP Adresse von uns erhoben. Wenn Sie eine Zahlung per \u00dcberweisung t\u00e4tigen, werden uns im Zuge dieser \u00dcberweisung IBAN, BIC, Verwendungszweck und Name des Kontoinhabers \u00fcbermittelt. Dies ist notwendig um Ihre Zahlung zu verarbeiten.<\/p>\n\n\n\n<p>Daneben werden auch nicht personenbezogene Daten wie Ihr Internet Provider, der von ihnen verwendete Browser, ihr Betriebssystem und die Website von welcher Sie uns erreicht haben sowie die Dauer Ihres Besuchs anonymisiert f\u00fcr statistische Zwecke verwendet.<\/p>\n\n\n\n<p>Wir speichern Ihre personenbezogenen Daten lediglich f\u00fcr die Abwicklung Ihrer Bestellung, f\u00fcr die Abwicklung m\u00f6glicher sp\u00e4terer Garantie- und Gew\u00e4hrleistungsf\u00e4lle, Produktvorstellungen und Informationen \u00fcber unsere Angebote und zur Einhaltung von gesetzlichen Bestimmungen.<\/p>\n\n\n\n<p>Sollten Sie ein Kundenkonto bei uns erstellen, wird Ihnen ein passwortgesicherter Zugang zu unserem Shop zur Verf\u00fcgung gestellt. Bitte bewahren Sie das Passwort sicher auf. In diesem Bereich k\u00f6nnen Sie Ihre offenen bzw. abgeschlossenen Auftr\u00e4ge einsehen und Ihre angegebenen Daten verwalten.<\/p>\n\n\n\n<p>Wir halten uns bei der Speicherung und Nutzung von Ihren personenbezogenen Angaben streng an unsere eigenen Richtlinien sowie alle gesetzlichen Bestimmungen.<\/p>\n\n\n\n<p>Wir speichern keine bei der Transaktion m\u00f6glicherweise \u00fcbermittelten Kreditkartendaten. Die \u00dcbermittlung von Kreditkartendaten an die abwickelnde Bank erfolgt im sicheren SSL Verfahren und kann nicht von Dritten eingesehen werden.<\/p>\n\n\n\n<p>F\u00fcr die Abwicklung Ihrer Bestellung k\u00f6nnen Ihre personenbezogenen Daten von uns an Versanddienstleister, Banken, Steuerberater bzw. Wirtschaftstreuh\u00e4nder, sowie im Anwendungsfall an unsere Rechtsvertretung, Verwaltungsbeh\u00f6rden, Inkassounternehmen, Gerichte und Versicherungen weitergegeben werden. Diese d\u00fcrfen die Daten nur nach den strengen Bestimmungen der DSGVO verwenden. Eine Nutzung der Daten f\u00fcr andere Zwecke ist ausgeschlossen.<\/p>\n\n\n\n<p><strong>Cookies<\/strong><br>Sie k\u00f6nnen unseren Shop auch ohne Cookies zu verwenden besuchen. Einige Funktionen in unserem Shop bed\u00fcrfen aber jedoch zwingend das akzeptieren von Cookies.<\/p>\n\n\n\n<p><strong>Was sind Cookies und wozu werden diese verwendet?<\/strong><\/p>\n\n\n\n<p>Cookies sind auf Ihrem Computer abgespeicherte Textdateien welche bestimmte Einstellungen in Ihrem Browser speichern und \u00fcbermitteln. Man unterscheidet grunds\u00e4tzlich zwischen zeitlich beschr\u00e4nkten Cookies, auch Session Cookies genannt und permanenten Cookies. Session Cookies werden nach dem beenden des Browsers gel\u00f6scht. Permanente Cookies bleiben f\u00fcr die weitere Verwendung in Ihrem Browser gespeichert. Passwort Eingabehilfen Nutzen z.B. diese Funktion. Wir nutzen diese Funktion f\u00fcr unseren Warenkorb.<\/p>\n\n\n\n<p>Eine Verwendung unserer Warenkorbfunktion und damit verbunden das t\u00e4tigen einer Bestellung ist ohne das Verwenden von Cookies aus technischen Gr\u00fcnden nicht m\u00f6glich.<\/p>\n\n\n\n<p>Wir k\u00f6nnen Ihnen au\u00dferdem auch ohne Ihre Zustimmung nach einem Kauf bei uns, aus unserem berechtigten Interesse nach direkter Werbung laut \u00a796 Abs 2 TKG an die angegebene E-Mail Adresse Informationen zu eigenen Waren und Dienstleistungen schicken.<\/p>\n\n\n\n<p><strong>Sichere Daten\u00fcbertragung per SSL<\/strong><br>Um Ihre Daten vor Dritten zu sch\u00fctzen, arbeiten wir ausschlie\u00dflich mit einem streng gepr\u00fcften Verschl\u00fcsselungsverfahren, dem sogenannten SSL (Secure Sockets Layer). Dieses Verfahren verschl\u00fcsselt Ihre Daten, sodass bei ihrer \u00dcbermittlung \u00fcber unseren Sicherheitsserver kein dritter diese einsehen kann. Damit besitzen Sie die Gewissheit, dass Ihre pers\u00f6nlichen Daten wie beispielsweise Adresse oder Telefonnummer ausschlie\u00dflich an uns \u00fcbermittelt werden. Diese SSL Verschl\u00fcsselung erkennen Sie anhand eines Schloss Symbols an Ihrem Browser und an er \u00c4nderung der URL- Adresse von &#8222;http&#8220; in &#8222;https&#8220;. Diese beiden Hinweise sind die Garantie f\u00fcr die Sicherheit Ihrer personenbezogenen Daten.<br>Auskunftserteilung, L\u00f6schung &#038; Sperrung Ihrer Daten<br>Sie haben einen gesetzlich Anspruch auf Auskunft, Berichtigung, L\u00f6schung und Sperrung von ihren gespeicherten personenbezogenen Daten bei uns.<\/p>\n\n\n\n<p>Nach Abbruch des Einkaufsvorganges werden die bei uns gespeicherten Daten gel\u00f6scht. Im Falle eines Vertragsabschlusses werden s\u00e4mtliche Daten aus dem Vertragsverh\u00e4ltnis bis zum Ablauf der steuerrechtlichen Aufbewahrungsfrist (7 Jahre) gespeichert.<\/p>\n\n\n\n<p>Die Daten Name, Anschrift, gekaufte Waren und Kaufdatum werden dar\u00fcber hinaus gehend bis zum Ablauf der Produkthaftung (10 Jahre) gespeichert. Die Datenverarbeitung erfolgt auf Basis der gesetzlichen Bestimmungen des \u00a7 96 Abs 3 TKG sowie des Art 6 Abs 1 lit b (notwendig zur Vertragserf\u00fcllung) der DSGVO.<\/p>\n\n\n\n<p>Nat\u00fcrlich sind wir jederzeit gerne bereit, Ihnen Auskunft \u00fcber s\u00e4mtliche von Ihnen gespeicherten Daten zu erteilen.<\/p>\n\n\n\n<p>Sie k\u00f6nnen die Nutzung Ihrer Daten f\u00fcr den Newsletter und Produktinformationen jederzeit widerrufen.<\/p>\n","protected":false},"excerpt":{"rendered":"<p>Der Schutz Ihrer pers\u00f6nlichen Daten ist uns ein besonderes Anliegen. Wir verarbeiten Ihre Daten daher ausschlie\u00dflich auf Grundlage der gesetzlichen Bestimmungen (DSGVO, TKG 2003). In diesen Datenschutzinformationen informieren wir Sie \u00fcber die wichtigsten Aspekte der Datenverarbeitung im Rahmen unserer Website. Verantwortlich f\u00fcr die Erhebung und Nutzung Ihrer Daten: TOOLINO Warenhandels GmbHSchillergasse 102620 Neunkirchentoolino246@uebungsfirmen.at Welche Daten [&hellip;]<\/p>\n","protected":false},"author":1,"featured_media":0,"parent":0,"menu_order":0,"comment_status":"closed","ping_status":"closed","template":"template-fullwidth.php","meta":{"footnotes":""},"class_list":["post-12","page","type-page","status-publish","hentry"],"_links":{"self":[{"href":"https:\/\/actionmall.act.at\/shop\/246\/wp-json\/wp\/v2\/pages\/12"}],"collection":[{"href":"https:\/\/actionmall.act.at\/shop\/246\/wp-json\/wp\/v2\/pages"}],"about":[{"href":"https:\/\/actionmall.act.at\/shop\/246\/wp-json\/wp\/v2\/types\/page"}],"author":[{"embeddable":true,"href":"https:\/\/actionmall.act.at\/shop\/246\/wp-json\/wp\/v2\/users\/1"}],"replies":[{"embeddable":true,"href":"https:\/\/actionmall.act.at\/shop\/246\/wp-json\/wp\/v2\/comments?post=12"}],"version-history":[{"count":0,"href":"https:\/\/actionmall.act.at\/shop\/246\/wp-json\/wp\/v2\/pages\/12\/revisions"}],"wp:attachment":[{"href":"https:\/\/actionmall.act.at\/shop\/246\/wp-json\/wp\/v2\/media?parent=12"}],"curies":[{"name":"wp","href":"https:\/\/api.w.org\/{rel}","templated":true}]}}