{"id":15,"date":"2022-08-08T19:50:29","date_gmt":"2022-08-08T17:50:29","guid":{"rendered":"https:\/\/actionmall.act.at\/shop\/master\/\/terms\/"},"modified":"2024-09-03T17:36:27","modified_gmt":"2024-09-03T15:36:27","slug":"agbs","status":"publish","type":"page","link":"https:\/\/actionmall.act.at\/shop\/246\/agbs\/","title":{"rendered":"AGBs"},"content":{"rendered":"\n<ol class=\"wp-block-list\"><li><strong>Geltung<\/strong><br>Die Lieferungen, Leistungen und Angebote von der TOOLINO Warenhandels GmbH, erfolgen ausschlie\u00dflich aufgrund dieser Gesch\u00e4ftsbedingungen; entgegenstehende oder von unseren Gesch\u00e4ftsbedingungen abweichende Bedingungen des Kunden erkennen wir nicht an, es sei denn, wir h\u00e4tten ausdr\u00fccklich ihrer Geltung zugestimmt. Vertragserf\u00fcllungshandlungen unsererseits gelten insofern nicht als Zustimmung zu von unseren Bedingungen abweichenden Vertragsbedingungen. Diese Gesch\u00e4ftsbedingungen gelten als Rahmenvereinbarung auch f\u00fcr alle weiteren Rechtsgesch\u00e4fte zwischen den Vertragsparteien.<\/li><li><strong>Vertragsabschluss<\/strong><br>Unsere Angebotspalette ist unverbindlich und freibleibend. Die Bestellung des Kunden stellt ein Angebot zum Abschluss eines Kaufvertrages dar. Die anschlie\u00dfend von uns verschickte Best\u00e4tigung des Eingangs der Bestellung stellt noch keine Annahme des Angebotes dar. Der Kaufvertrag kommt erst mit dem Versand der Ware zustande. Im Falle einer unverbindlichen online Reservierung von Artikeln kommt der Kaufvertrag im Ladengesch\u00e4ft beim Kauf der Ware zu Stande. Unternehmer sind 14 Tage an ihr Anbot gebunden. Der Kunde ist verpflichtet, die im Bestellformular zu t\u00e4tigenden Angaben wahrheitsgem\u00e4\u00df und vollst\u00e4ndig zu machen. Sch\u00e4den, die durch falsche Angaben des Kunden resultieren, hat der Kunde zu ersetzen. Unser Unternehmen f\u00fchrt nicht alle angebotenen Dienstleistungen selbst aus und beh\u00e4lt sich deshalb vor, Auftr\u00e4ge durch qualifizierte Dritte ausf\u00fchren zu lassen.<\/li><li><strong>Preis<\/strong><br>Alle von uns genannten Preise sind in unserem Endkundenshop, sofern nicht anderes ausdr\u00fccklich vermerkt ist, inkl. Umsatzsteuer und zzgl. Transportkosten zu verstehen und gelten zum Zeitpunkt der Bestellung. Im Gesch\u00e4ftskundenbereich sind alle Preise excl. Ust. und Versandkosten zu verstehen. Die Verrechnung unserer Lieferungen erfolgt in Euro.<\/li><li><strong>Zahlungsbedingungen, Verzugszinsen<\/strong><br>Mangels gegenteiliger Vereinbarung sind unsere Forderungen per Vorkasse sofort oder Zug um Zug gegen \u00dcbergabe der Ware per Nachnahme zu bezahlen. Skontoabz\u00fcge bed\u00fcrfen einer gesonderten Vereinbarung. Im Falle des Zahlungsverzuges, auch mit Teilzahlungen, treten auch allf\u00e4llige Skontovereinbarungen au\u00dfer Kraft.<\/li><li><strong>Widerrufsbelehrung bzw. Widerrufsrecht f\u00fcr Verbraucher im Sinne des KschG<\/strong><br>Sie haben das Recht, binnen vierzehn Tagen ohne Angabe von Gr\u00fcnden diesen Vertrag zu widerrufen. Die Widerrufsfrist betr\u00e4gt vierzehn Tage ab dem Tag, an dem Sie oder ein von Ihnen benannter Dritter, der nicht der Bef\u00f6rderer ist, die Waren in Besitz genommen haben bzw. hat.<\/li><\/ol>\n\n\n\n<p>Um Ihr Widerrufsrecht auszu\u00fcben, m\u00fcssen Sie uns, der TOOLINO Warenhandels GmbH, mittels einer eindeutigen Erkl\u00e4rung (z.B. ein mit der Post versandter Brief, Telefax oder E-Mail) \u00fcber Ihren Entschluss, diesen Vertrag zu widerrufen, informieren.<\/p>\n\n\n\n<p><strong>Folgen des Widerrufs<\/strong><\/p>\n\n\n\n<p>Wenn Sie diesen Vertrag widerrufen, haben wir Ihnen alle Zahlungen, die wir von Ihnen erhalten haben, einschlie\u00dflich der Lieferkosten (mit Ausnahme der zus\u00e4tzlichen Kosten, die sich daraus ergeben, dass Sie eine andere Art der Lieferung als die von uns angebotene, g\u00fcnstigste Standardlieferung gew\u00e4hlt haben), unverz\u00fcglich und sp\u00e4testens binnen vierzehn Tagen ab dem Tag zur\u00fcckzuzahlen, an dem die Mitteilung \u00fcber Ihren Widerruf dieses Vertrags bei uns eingegangen ist. F\u00fcr diese R\u00fcckzahlung verwenden wir dasselbe Zahlungsmittel, das Sie bei der urspr\u00fcnglichen Transaktion eingesetzt haben, es sei denn, mit Ihnen wurde ausdr\u00fccklich etwas anderes vereinbart. In keinem Fall werden Ihnen wegen dieser R\u00fcckzahlung Entgelte berechnet.<\/p>\n\n\n\n<p>Wir k\u00f6nnen die R\u00fcckzahlung verweigern, bis wir die Waren wieder zur\u00fcckerhalten haben oder bis Sie den Nachweis erbracht haben, dass Sie die Waren zur\u00fcckgesandt haben, je nachdem, welches der fr\u00fchere Zeitpunkt ist.<\/p>\n\n\n\n<p>Sie haben die Waren unverz\u00fcglich und in jedem Fall sp\u00e4testens binnen vierzehn Tagen ab dem Tag, an dem Sie uns \u00fcber den Widerruf dieses Vertrags unterrichten, an unsere oben genannte Adresse zur\u00fcckzusenden oder zu \u00fcbergeben. Die Frist ist gewahrt, wenn Sie die Waren vor Ablauf der Frist von vierzehn Tagen absenden.<\/p>\n\n\n\n<p>Tritt der Kunde gem\u00e4\u00df dieser Bestimmung vom Vertrag zur\u00fcck, hat er die Kosten der R\u00fccksendung an uns zu tragen.<\/p>\n\n\n\n<p>Sollte der Artikel aufgrund dessen Beschaffenheit nicht mit der Post zur\u00fcckgesandt werden k\u00f6nnen, k\u00f6nnen die Kosten der R\u00fccksendung nicht im Voraus berechnet werden. Die R\u00fcckversandkosten von Speditionslieferungen werden auf h\u00f6chstens 100 Euro gesch\u00e4tzt. Sie m\u00fcssen f\u00fcr einen etwaigen Wertverlust der Waren nur aufkommen, wenn dieser Wertverlust auf einen zur Pr\u00fcfung der Beschaffenheit, Eigenschaften und Funktionsweise der Waren nicht notwendigen Umgang mit ihnen zur\u00fcckzuf\u00fchren ist.<\/p>\n\n\n\n<p>Wir k\u00f6nnen die R\u00fcckzahlung verweigern, bis wir die Waren wieder zur\u00fcckerhalten haben oder bis Sie den Nachweis erbracht haben, dass Sie die Waren zur\u00fcckgesandt haben, je nachdem, welches der fr\u00fchere Zeitpunkt ist.<\/p>\n\n\n\n<p>Sie haben die Waren unverz\u00fcglich und in jedem Fall sp\u00e4testens binnen vierzehn Tagen ab dem Tag, an dem Sie uns \u00fcber den Widerruf dieses Vertrags unterrichten, an unsere oben genannte Adresse zur\u00fcckzusenden oder zu \u00fcbergeben. Die Frist ist gewahrt, wenn Sie die Waren vor Ablauf der Frist von vierzehn Tagen absenden.<\/p>\n\n\n\n<p><strong>Freiwillige R\u00fccknahmegarantie<\/strong><\/p>\n\n\n\n<p>Handelt es sich um ein Verbrauchergesch\u00e4ft k\u00f6nnen unabh\u00e4ngig von Ihren gesetzlichen R\u00fccktrittsrechten alle von uns in haushalts\u00fcblichen Mengen gelieferten Artikel bis 30 Tage nach Rechnungsdatum, in vollst\u00e4ndigen, inkl. vollst\u00e4ndiger und unbesch\u00e4digter Originalverpackung, ungebrauchten und unbesch\u00e4digtem Zustand an uns retourniert werden. Dies gilt nicht bei ge\u00f6ffneten bzw. entsiegelten Software Produkten, Rohlingen, DVD Filmen, ge\u00f6ffneten Verbrauchsmaterialien, extra f\u00fcr Sie bestellte bzw. nicht direkt bei uns lagernde, angefertigte bzw. auf Ihre pers\u00f6nlichen Bed\u00fcrfnisse zugeschnitten Artikel und Hygieneartikeln. Die R\u00fcckerstattung erfolgt zum Tagespreis der Bearbeitung der R\u00fccksendung, jedoch maximal mit dem Verkaufspreis.<\/p>\n\n\n\n<ol class=\"wp-block-list\" start=\"6\"><li><strong>Gew\u00e4hrleistung \/ Haftungsausschluss<\/strong><br>Wir gew\u00e4hrleisten f\u00fcr Verbraucher eine Dauer von 24 Monaten ab Erhalt der Ware, dass die Liefergegenst\u00e4nde nach dem jeweiligen Stand der Technik frei von Fehlern sind. Eine Haftung f\u00fcr normale Abnutzung ist ausgeschlossen. F\u00fcr Unternehmer und \u00f6ffentliche Institutionen gilt eine Gew\u00e4hrleistungsfrist von 6 Monaten. Regressforderungen f\u00fcr wiederverkaufte Waren sind ausgeschlossen.<\/li><li><strong>Lieferung, Transport, Annahmeverzug, Gefahren\u00fcbergang, Transportrisiko<\/strong><br>Unsere Verkaufspreise beinhalten keine Kosten f\u00fcr Zustellung, Montage oder Aufstellung. Auf Wunsch werden jedoch diese Leistungen gegen gesonderte Bezahlung von uns erbracht bzw. organisiert. Dabei werden f\u00fcr Transport bzw. Zustellung die tats\u00e4chlich aufgewendeten Kosten samt einem angemessenen Regiekostenaufschlag, mindestens jedoch die am Auslieferungstag geltenden oder \u00fcblichen Fracht- und Fuhrl\u00f6hne der gew\u00e4hlten Transportart in Rechnung gestellt. Montagearbeiten werden nach Zeitaufwand berechnet, wobei ein branchen\u00fcblicher Mannstundensatz als vereinbart gilt.<\/li><\/ol>\n\n\n\n<p><strong>Transportrisiko<\/strong><\/p>\n\n\n\n<p>Handelt es sich nicht um ein Verbrauchergesch\u00e4ft, geht das Transportrisiko mit der \u00dcbergabe der Ware an das Transportunternehmen auf den Kunden \u00fcber. Wir haften in diesem Fall insbesondere nicht f\u00fcr Transportsch\u00e4den und Verlust der Ware.<\/p>\n\n\n\n<p>Beim Versand der Ware geht die Gefahr f\u00fcr den Verlust oder die Besch\u00e4digung der Ware erst auf den Verbraucher \u00fcber, sobald die Ware an den Verbraucher oder an einen von diesem bestimmten, vom Bef\u00f6rderer verschiedenen Dritten abgeliefert wird. Hat aber der Verbraucher selbst den Bef\u00f6rderungsvertrag geschlossen, ohne dabei eine unsererseits vorgeschlagene Auswahlm\u00f6glichkeit zu n\u00fctzen, so geht die Gefahr bereits mit der Aush\u00e4ndigung der Ware an den Bef\u00f6rderer \u00fcber.<\/p>\n\n\n\n<ol class=\"wp-block-list\" start=\"8\"><li><strong>Lieferfrist<\/strong><br>Zur Leistungsausf\u00fchrung sind wir erst dann verpflichtet, sobald der Kunde all seinen Verpflichtungen, die zur Ausf\u00fchrung erforderlich sind, nachgekommen ist, insbesondere alle technischen und vertraglichen Einzelheiten, Vorarbeiten und Vorbereitungsma\u00dfnahmen erf\u00fcllt hat. Wir liefern verf\u00fcgbare Artikel innerhalb von f\u00fcnf Werktagen nach erf\u00fcllter Leistung des Kunden aus.<\/li><li><strong>Lieferart<\/strong><br>Die Paketlieferungen der TOOLINO Warenhandels GmbH werden mit der \u00f6sterreichischen Post abgewickelt. Die Versandart kann der Kunde nach Verf\u00fcgbarkeit frei w\u00e4hlen.<\/li><li><strong>Erf\u00fcllungsort<\/strong><br>Handelt es sich nicht um ein Verbrauchergesch\u00e4ft ist der Erf\u00fcllungsort der Sitz unseres Unternehmens.<\/li><li><strong>Geringf\u00fcgige Leistungs\u00e4nderungen<\/strong><br>Handelt es sich nicht um ein Verbrauchergesch\u00e4ft, gelten geringf\u00fcgige oder sonstige f\u00fcr unsere Kunden zumutbare \u00c4nderungen unserer Leistungs- bzw. Lieferverpflichtung vorweg als genehmigt. Dies gilt insbesondere f\u00fcr durch die Sache bedingte Abweichungen.<\/li><li><strong>Schadenersatz<\/strong><br>Handelt es sich nicht um ein Verbrauchergesch\u00e4ft sind s\u00e4mtliche Schadenersatzanspr\u00fcche in F\u00e4llen leichter Fahrl\u00e4ssigkeit ausgeschlossen. Dies gilt nicht f\u00fcr Personensch\u00e4den. Das Vorliegen von leichter bzw. grober Fahrl\u00e4ssigkeit hat, sofern es sich nicht um ein Verbrauchergesch\u00e4ft handelt, der Gesch\u00e4digte zu beweisen.<\/li><\/ol>\n\n\n\n<p>Handelt es sich nicht um ein Verbrauchergesch\u00e4ft, so betr\u00e4gt die Verj\u00e4hrungsfrist von Schadenersatzanspr\u00fcchen drei Jahre ab Gefahren\u00fcbergang. Die in diesen Gesch\u00e4ftsbedingungen enthaltenen oder sonst vereinbarten Bestimmungen \u00fcber Schadenersatz gelten auch dann, wenn der Schadenersatzanspruch neben oder anstelle eines Gew\u00e4hrleistungsanspruches geltend gemacht wird. Soweit nicht anders ausdr\u00fccklich vereinbart, sind weitergehende Anspr\u00fcche des K\u00e4ufers, gleich aus welchem Rechtsgrund, ausgeschlossen.<\/p>\n\n\n\n<p>Wir haften deshalb nicht f\u00fcr Sch\u00e4den, die nicht im Liefergegenstand unmittelbar entstanden sind; insbesondere haften wir nicht f\u00fcr entgangenen Gewinn oder sonstig Verm\u00f6genssch\u00e4den des K\u00e4ufers. F\u00fcr die Wiederherstellung von Daten haften wir nicht, es sei denn, dass wir den Verlust vors\u00e4tzlich oder grob fahrl\u00e4ssig verursacht haben und der K\u00e4ufer sichergestellt hat, dass eine Datensicherung erfolgt ist, so dass die Daten mit vertretbarem Aufwand rekonstruiert werden k\u00f6nnen.<\/p>\n\n\n\n<ol class=\"wp-block-list\" start=\"13\"><li><strong>Produkthaftung<\/strong><br>Regressforderungen im Sinne des \u00a7 12 Produkthaftungsgesetzes sind ausgeschlossen, es sei denn, der Regressberechtigte weist nach, dass der Fehler in unserer Sph\u00e4re verursacht und zumindest grob fahrl\u00e4ssig verschuldet worden ist.<\/li><li><strong>Eigentumsvorbehalt und dessen Geltendmachung<\/strong><br>Alle Waren werden von uns unter Eigentumsvorbehalt geliefert und bleiben bis zur vollst\u00e4ndigen Bezahlung unser Eigentum. In der Geltendmachung des Eigentumsvorbehaltes liegt nur dann ein R\u00fccktritt vom Vertrag, wenn dieser ausdr\u00fccklich erkl\u00e4rt wird. Handelt es sich nicht um ein Verbrauchergesch\u00e4ft sind wir bei Warenr\u00fccknahme berechtigt, angefallene Transport- und Manipulationsspesen zu verrechnen. Bei Zugriffen Dritter auf die Vorbehaltsware &#8211; insbesondere durch Pf\u00e4ndungen &#8211; verpflichtet sich der Kunde, auf unser Eigentum hinzuweisen und uns unverz\u00fcglich zu benachrichtigen. Ist der Kunde Verbraucher oder kein Unternehmer, zu dessen ordentlichem Gesch\u00e4ftsbetrieb der Handel mit den von uns erworbenen Waren geh\u00f6rt, darf er bis zur vollst\u00e4ndigen Begleichung der offenen Kaufpreisforderung \u00fcber die Vorbehaltsware nicht verf\u00fcgen, sie insbesondere nicht verkaufen, verpf\u00e4nden, verschenken oder verleihen.<\/li><\/ol>\n\n\n\n<p>Unternehmer d\u00fcrfen \u00fcber die Vorbehaltsware in Ihrem ordentlichen Gesch\u00e4ftsbetrieb verf\u00fcgen, diese ver\u00e4u\u00dfern und weiter verarbeiten. Dieses Recht erlischt, wenn der Unternehmer nicht alles tut, was erforderlich ist um unsere Forderungen zu begleichen bzw. wenn der Unternehmer seinen sonstigen Pflichten nicht nachkommt. Der Kunde tr\u00e4gt das volle Risiko f\u00fcr die Vorbehaltsware, insbesondere f\u00fcr die Gefahr des Unterganges, des Verlustes oder der Verschlechterung. Wird die Bezahlung mittels Kreditkartenr\u00fcckbuchung wieder storniert, bleibt die Ware unser Eigentum.<\/p>\n\n\n\n<ol class=\"wp-block-list\" start=\"15\"><li><strong>Forderungsabtretungen<\/strong><br>Bei Lieferung unter Eigentumsvorbehalt tritt der Kunde uns schon jetzt seine Forderungen gegen\u00fcber Dritten, soweit diese durch Ver\u00e4u\u00dferung oder Verarbeitung unserer Waren entstehen, bis zur endg\u00fcltigen Bezahlung unserer Forderungen zahlungshalber ab. Der Kunde hat uns auf Verlangen seine Abnehmer zu nennen und diese rechtzeitig von der Zession zu verst\u00e4ndigen. Die Zession ist in den Gesch\u00e4ftsb\u00fcchern, insbesondere in die offenen Posten ? Liste einzutragen und auf Lieferscheinen, Fakturen etc. dem Abnehmer ersichtlich zu machen. Ist der Kunde mit seinen Zahlungen uns gegen\u00fcber im Verzug, so sind die bei ihm eingehenden Verkaufserl\u00f6se abzusondern und hat der Kunde diese nur in unserem Namen inne. Allf\u00e4llige Anspr\u00fcche gegen einen Versicherer sind in den Grenzen des \u00a7 15 Versicherungsvertragsgesetz bereits jetzt an uns abgetreten. Solange der K\u00e4ufer seinen Zahlungsverpflichtungen uns gegen\u00fcber nachkommt darf dieser Au\u00dfenst\u00e4nde in seinem Namen einziehen. Diese Vereinbarung erlischt, wenn der K\u00e4ufer seine Zahlungen einstellt, es einen Wechselprotest gibt, eine Exekution beim K\u00e4ufer erfolglos durchgef\u00fchrt wurde oder dieser insolvent wird. Ab diesem Zeitpunkt sind Zahlungen auf ein Sonderkonto zu \u00fcberweisen. Der Kaufpreis darf nicht mit dem Verm\u00f6gen des K\u00e4ufers vermischt werden, sondern muss getrennt und in unserem Namen verwahrt werden.<\/li><\/ol>\n\n\n\n<p>Forderungen gegen uns d\u00fcrfen ohne unsere ausdr\u00fcckliche Zustimmung nicht abgetreten werden.<\/p>\n\n\n\n<ol class=\"wp-block-list\" start=\"16\"><li><strong>Zur\u00fcckbehaltung<\/strong><br>Handelt es sich nicht um ein Verbrauchergesch\u00e4ft, so ist der Kunde bei gerechtfertigter Reklamation au\u00dfer in den F\u00e4llen der R\u00fcckabwicklung nicht zur Zur\u00fcckhaltung des gesamten, sondern nur eines angemessenen Teiles des Bruttorechnungsbetrages berechtigt.<\/li><li><strong>Rechtswahl, Gerichtsstand<\/strong><br>Es gilt \u00f6sterreichisches Recht.<\/li><\/ol>\n\n\n\n<p>Die Anwendbarkeit des UN-Kaufrechtes wird ausdr\u00fccklich ausgeschlossen. Die Vertragssprache ist Deutsch. Die Vertragsparteien vereinbaren \u00f6sterreichische, inl\u00e4ndische Gerichtsbarkeit. Handelt es sich nicht um ein Verbrauchergesch\u00e4ft, ist zur Entscheidung aller aus diesem Vertrag entstehenden Streitigkeiten das am Sitz unseres Unternehmens sachlich zust\u00e4ndige Gericht ausschlie\u00dflich \u00f6rtlich zust\u00e4ndig. In diesem Fall ist dies das Bezirksgericht Feldbach.<\/p>\n\n\n\n<p>Hat der Verbraucher im Inland seinen Wohnsitz oder seinen gew\u00f6hnlichen Aufenthalt oder ist er im Inland besch\u00e4ftigt, so kann f\u00fcr eine Klage gegen ihn nach den \u00a7\u00a7 88, 89, 93 Abs. 2 und 104 Abs. 1 JN nur die Zust\u00e4ndigkeit des Gerichtes begr\u00fcndet werden, in dessen Sprengel der Wohnsitz, der gew\u00f6hnliche Aufenthalt oder der Ort der Besch\u00e4ftigung liegt; dies gilt nicht f\u00fcr Rechtsstreitigkeiten, die bereits entstanden sind. F\u00fcr eventuelle gerichtliche Auseinandersetzungen aus dem Vertrag sind auch die zwingenden verbraucherrechtlichen Bestimmungen am Wohnsitz des Verbrauchers auf das Vertragsverh\u00e4ltnis anwendbar.<\/p>\n\n\n\n<ol class=\"wp-block-list\" start=\"18\"><li><strong>Salvatorische Klausel<\/strong><br>Bei Unwirksamkeit einzelner Bestimmungen dieser Allgemeinen Gesch\u00e4ftsbedingungen bleiben die \u00fcbrigen Bestimmungen weiterhin wirksam.<\/li><\/ol>\n","protected":false},"excerpt":{"rendered":"<p>GeltungDie Lieferungen, Leistungen und Angebote von der TOOLINO Warenhandels GmbH, erfolgen ausschlie\u00dflich aufgrund dieser Gesch\u00e4ftsbedingungen; entgegenstehende oder von unseren Gesch\u00e4ftsbedingungen abweichende Bedingungen des Kunden erkennen wir nicht an, es sei denn, wir h\u00e4tten ausdr\u00fccklich ihrer Geltung zugestimmt. Vertragserf\u00fcllungshandlungen unsererseits gelten insofern nicht als Zustimmung zu von unseren Bedingungen abweichenden Vertragsbedingungen. Diese Gesch\u00e4ftsbedingungen gelten als Rahmenvereinbarung [&hellip;]<\/p>\n","protected":false},"author":1,"featured_media":0,"parent":0,"menu_order":0,"comment_status":"closed","ping_status":"closed","template":"template-fullwidth.php","meta":{"footnotes":""},"class_list":["post-15","page","type-page","status-publish","hentry"],"_links":{"self":[{"href":"https:\/\/actionmall.act.at\/shop\/246\/wp-json\/wp\/v2\/pages\/15"}],"collection":[{"href":"https:\/\/actionmall.act.at\/shop\/246\/wp-json\/wp\/v2\/pages"}],"about":[{"href":"https:\/\/actionmall.act.at\/shop\/246\/wp-json\/wp\/v2\/types\/page"}],"author":[{"embeddable":true,"href":"https:\/\/actionmall.act.at\/shop\/246\/wp-json\/wp\/v2\/users\/1"}],"replies":[{"embeddable":true,"href":"https:\/\/actionmall.act.at\/shop\/246\/wp-json\/wp\/v2\/comments?post=15"}],"version-history":[{"count":0,"href":"https:\/\/actionmall.act.at\/shop\/246\/wp-json\/wp\/v2\/pages\/15\/revisions"}],"wp:attachment":[{"href":"https:\/\/actionmall.act.at\/shop\/246\/wp-json\/wp\/v2\/media?parent=15"}],"curies":[{"name":"wp","href":"https:\/\/api.w.org\/{rel}","templated":true}]}}