{"id":252,"date":"2024-11-20T08:00:15","date_gmt":"2024-11-20T07:00:15","guid":{"rendered":"https:\/\/actionmall.act.at\/shop\/246\/?post_type=product&#038;p=252"},"modified":"2026-02-13T12:26:28","modified_gmt":"2026-02-13T11:26:28","slug":"dc33c-origin-plus","status":"publish","type":"product","link":"https:\/\/actionmall.act.at\/shop\/246\/produkt\/dc33c-origin-plus\/","title":{"rendered":"DC33c Origin Plus"},"content":{"rendered":"<p>Technologie: Radial Root<br \/>\nSaugleistung: 280 Watt (konstant)<br \/>\nBeh\u00e4lterkapazit\u00e4t: 2 Liter<br \/>\nKabell\u00e4nge 6,5 Meter<br \/>\nGewicht: 7,5 kg<\/p>\n","protected":false},"excerpt":{"rendered":"<p>Technologie: Radial Root Saugleistung: 280 Watt (konstant) Beh\u00e4lterkapazit\u00e4t: 2 Liter Kabell\u00e4nge 6,5 Meter Gewicht: 7,5 kg<\/p>\n","protected":false},"featured_media":568,"template":"","meta":[],"product_cat":[],"product_tag":[],"class_list":{"0":"post-252","1":"product","2":"type-product","3":"status-publish","4":"has-post-thumbnail","7":"first","8":"instock","9":"taxable","10":"shipping-taxable","11":"purchasable","12":"product-type-simple"},"_links":{"self":[{"href":"https:\/\/actionmall.act.at\/shop\/246\/wp-json\/wp\/v2\/product\/252"}],"collection":[{"href":"https:\/\/actionmall.act.at\/shop\/246\/wp-json\/wp\/v2\/product"}],"about":[{"href":"https:\/\/actionmall.act.at\/shop\/246\/wp-json\/wp\/v2\/types\/product"}],"wp:featuredmedia":[{"embeddable":true,"href":"https:\/\/actionmall.act.at\/shop\/246\/wp-json\/wp\/v2\/media\/568"}],"wp:attachment":[{"href":"https:\/\/actionmall.act.at\/shop\/246\/wp-json\/wp\/v2\/media?parent=252"}],"wp:term":[{"taxonomy":"product_cat","embeddable":true,"href":"https:\/\/actionmall.act.at\/shop\/246\/wp-json\/wp\/v2\/product_cat?post=252"},{"taxonomy":"product_tag","embeddable":true,"href":"https:\/\/actionmall.act.at\/shop\/246\/wp-json\/wp\/v2\/product_tag?post=252"}],"curies":[{"name":"wp","href":"https:\/\/api.w.org\/{rel}","templated":true}]}}